{"id":205,"date":"2024-02-26T10:49:19","date_gmt":"2024-02-26T09:49:19","guid":{"rendered":"https:\/\/gitedeliresse.be\/?page_id=205"},"modified":"2025-10-03T16:17:51","modified_gmt":"2025-10-03T14:17:51","slug":"tarifs","status":"publish","type":"page","link":"https:\/\/gitedeliresse.be\/en\/tarifs\/","title":{"rendered":"Rates"},"content":{"rendered":"<div data-elementor-type=\"wp-page\" data-elementor-id=\"205\" class=\"elementor elementor-205\" data-elementor-post-type=\"page\">\n\t\t\t\t<div class=\"elementor-element elementor-element-0f16f56 e-flex e-con-boxed e-con e-parent\" data-id=\"0f16f56\" data-element_type=\"container\" data-settings=\"{&quot;background_background&quot;:&quot;classic&quot;}\">\n\t\t\t\t\t<div class=\"e-con-inner\">\n\t\t<div class=\"elementor-element elementor-element-1c603a5 e-con-full e-flex e-con e-child\" data-id=\"1c603a5\" data-element_type=\"container\">\n\t\t\t\t<div class=\"elementor-element elementor-element-4c929ab elementor-invisible elementor-widget elementor-widget-heading\" data-id=\"4c929ab\" data-element_type=\"widget\" data-settings=\"{&quot;_animation&quot;:&quot;fadeIn&quot;}\" data-widget_type=\"heading.default\">\n\t\t\t\t<div class=\"elementor-widget-container\">\n\t\t\t<style>\/*! elementor - v3.21.0 - 08-05-2024 *\/\n.elementor-heading-title{padding:0;margin:0;line-height:1}.elementor-widget-heading .elementor-heading-title[class*=elementor-size-]>a{color:inherit;font-size:inherit;line-height:inherit}.elementor-widget-heading .elementor-heading-title.elementor-size-small{font-size:15px}.elementor-widget-heading .elementor-heading-title.elementor-size-medium{font-size:19px}.elementor-widget-heading .elementor-heading-title.elementor-size-large{font-size:29px}.elementor-widget-heading .elementor-heading-title.elementor-size-xl{font-size:39px}.elementor-widget-heading .elementor-heading-title.elementor-size-xxl{font-size:59px}<\/style><h2 class=\"elementor-heading-title elementor-size-default\">Our rates<\/h2>\t\t<\/div>\n\t\t\t\t<\/div>\n\t\t\t\t<\/div>\n\t\t\t\t\t<\/div>\n\t\t\t\t<\/div>\n\t\t<div class=\"elementor-element elementor-element-731b20f e-flex e-con-boxed e-con e-parent\" data-id=\"731b20f\" data-element_type=\"container\">\n\t\t\t\t\t<div class=\"e-con-inner\">\n\t\t<div class=\"elementor-element elementor-element-725b608 e-con-full e-flex e-con e-child\" data-id=\"725b608\" data-element_type=\"container\">\n\t\t<div class=\"elementor-element elementor-element-b65ff96 e-con-full e-flex e-con e-child\" data-id=\"b65ff96\" data-element_type=\"container\">\n\t\t\t\t<div class=\"elementor-element elementor-element-e8ed7a5 elementor-widget-tablet__width-initial elementor-invisible elementor-widget elementor-widget-heading\" data-id=\"e8ed7a5\" data-element_type=\"widget\" data-settings=\"{&quot;_animation&quot;:&quot;fadeIn&quot;}\" data-widget_type=\"heading.default\">\n\t\t\t\t<div class=\"elementor-widget-container\">\n\t\t\t<h2 class=\"elementor-heading-title elementor-size-default\"><b>Rates<\/b> rental<\/h2>\t\t<\/div>\n\t\t\t\t<\/div>\n\t\t<div class=\"elementor-element elementor-element-3998491 e-con-full e-flex e-con e-child\" data-id=\"3998491\" data-element_type=\"container\">\n\t\t\t\t<div class=\"elementor-element elementor-element-18e844e elementor-widget elementor-widget-html\" data-id=\"18e844e\" data-element_type=\"widget\" data-widget_type=\"html.default\">\n\t\t\t\t<div class=\"elementor-widget-container\">\n\t\t\t<div id=\"ConstellationWidgetContainerb025d55d-b5de-4757-be1d-90a59bc811e9\" style=\"width:100%\" title=\"G\u00eete de Liresse\" data-id-projet='b025d55db5de4757be1d90a59bc811e9'>Chargement en cours...<\/div> <script type=\"text\/javascript\" src=\"https:\/\/reservation.elloha.com\/Scripts\/widget-loader.min.js?v=42\"><\/script> <script type=\"text\/javascript\">var constellationWidgetUrlb025d55db5de4757be1d90a59bc811e9, constellationTypeModuleb025d55db5de4757be1d90a59bc811e9; constellationWidgetUrlb025d55db5de4757be1d90a59bc811e9 = 'https:\/\/reservation.elloha.com\/Widget\/BookingEngine\/b025d55d-b5de-4757-be1d-90a59bc811e9?idoi=f220c5d9-99cb-425a-8032-75692a9e3a10&culture=fr-FR'; constellationTypeModuleb025d55db5de4757be1d90a59bc811e9=1; constellationWidgetLoad('ConstellationWidgetContainerb025d55d-b5de-4757-be1d-90a59bc811e9'); constellationWidgetAddEvent(window, \"resize\", function () { constellationWidgetSetAppearance('ConstellationWidgetContainerb025d55d-b5de-4757-be1d-90a59bc811e9'); });<\/script>\r\n\t\t<\/div>\n\t\t\t\t<\/div>\n\t\t\t\t<div class=\"elementor-element elementor-element-2b6e635 elementor-align-justify elementor-widget elementor-widget-button\" data-id=\"2b6e635\" data-element_type=\"widget\" data-widget_type=\"button.default\">\n\t\t\t\t<div class=\"elementor-widget-container\">\n\t\t\t\t\t<div class=\"elementor-button-wrapper\">\n\t\t\t<a class=\"elementor-button elementor-button-link elementor-size-sm\" href=\"https:\/\/reservation.elloha.com?IdPublication=b025d55d-b5de-4757-be1d-90a59bc811e9&#038;culture=fr-FR&#038;idoi=f220c5d9-99cb-425a-8032-75692a9e3a10&#038;searchFirstAvailableDates=1\" target=\"_blank\" rel=\"noopener\">\n\t\t\t\t\t\t<span class=\"elementor-button-content-wrapper\">\n\t\t\t\t\t\t\t\t\t<span class=\"elementor-button-text\">R\u00e9servez votre s\u00e9jour<\/span>\n\t\t\t\t\t<\/span>\n\t\t\t\t\t<\/a>\n\t\t<\/div>\n\t\t\t\t<\/div>\n\t\t\t\t<\/div>\n\t\t\t\t<div class=\"elementor-element elementor-element-6b6fa57 elementor-hidden-tablet elementor-hidden-mobile elementor-widget elementor-widget-text-editor\" data-id=\"6b6fa57\" data-element_type=\"widget\" data-widget_type=\"text-editor.default\">\n\t\t\t\t<div class=\"elementor-widget-container\">\n\t\t\t<style>\/*! elementor - v3.21.0 - 08-05-2024 *\/\n.elementor-widget-text-editor.elementor-drop-cap-view-stacked .elementor-drop-cap{background-color:#69727d;color:#fff}.elementor-widget-text-editor.elementor-drop-cap-view-framed .elementor-drop-cap{color:#69727d;border:3px solid;background-color:transparent}.elementor-widget-text-editor:not(.elementor-drop-cap-view-default) .elementor-drop-cap{margin-top:8px}.elementor-widget-text-editor:not(.elementor-drop-cap-view-default) .elementor-drop-cap-letter{width:1em;height:1em}.elementor-widget-text-editor .elementor-drop-cap{float:left;text-align:center;line-height:1;font-size:50px}.elementor-widget-text-editor .elementor-drop-cap-letter{display:inline-block}<\/style>\t\t\t\t<h3><b>Prix par nuit, charges comprises<\/b><\/h3><p>Our prices are indicative and may vary according to the formula you choose. (see seasonal table).<br \/>Check availability and contact us on\u00a0<a href=\"tel:  32 (0)473 52 61 56\"><b>+32 (0)473 52 61 56<\/b><\/a>\u00a0or via our<a href=\"https:\/\/gitedeliresse.be\/en\/contact\/\"><b> booking form<\/b><\/a>.<\/p><h3><b><u>Things to know before you arrive<\/u><\/b><\/h3><h4><b>ACOMPTE<\/b><\/h4><p>A deposit of 50% of the rental price is required at the time of booking. The balance of the rental and the deposit of 1000 euros must be paid 10 days before your arrival. The deposit will be returned to you within 2 weeks of the end of your stay (after deduction of any damage or cleaning costs incurred as a result of ordinary use of the rented premises). The fixed amount of the security deposit does not prejudice any right of recourse or re-invoicing of any costs or damage incurred in excess of the amount of the security deposit.<\/p><h4><b>ARRIVAL AND DEPARTURE TIMES<\/b><\/h4><p><strong>Arriv\u00e9e<\/strong> : entre 16h &amp; 19h<br \/><strong>D\u00e9part<\/strong> : avant 20h (dimanche et jour f\u00e9ri\u00e9s)<br \/><strong>D\u00e9part<\/strong> : avant 10h (lundi ou vendredi)<\/p><h4><b>INCLUDED IN YOUR STAY<\/b><\/h4><ul><li>WIFI<\/li><li>Dish drainers<\/li><li>2 baby cots<\/li><\/ul><h4><b>NOT INCLUDED IN STAY<\/b><\/h4><ul><li><strong>Fagot de bois pour le feu\u00a0 (15\u20ac)<\/strong><\/li><li><strong>Animal domestique (40\u20ac)<\/strong><\/li><li><strong>P\u00eache (150\u20ac la demi journ\u00e9e et 300\u20ac la journ\u00e9e) r\u00e8glement fourni par le propri\u00e9taire avant l&rsquo;arriv\u00e9e.<\/strong><\/li><\/ul><h3><b>GOOD TO KNOW<\/b><\/h3><p>It is forbidden to organise student parties, stag and hen parties, etc.<\/p><p>Les animaux de compagnie\u00a0 sont autoris\u00e9s avec accord pr\u00e9alable du propri\u00e9taire au moment de la r\u00e9servation.<\/p><p>Your reservation implies acceptance of all our general conditions and house rules.<\/p><p>Pour des questions de s\u00e9curit\u00e9 : il y a la pr\u00e9sence de cam\u00e9ras ext\u00e9rieures d\u00e9di\u00e9es \u00e0 la surveillance des acc\u00e8s \u00e0 l&rsquo;habitation.<\/p>\t\t\t\t\t\t<\/div>\n\t\t\t\t<\/div>\n\t\t\t\t<\/div>\n\t\t\t\t<\/div>\n\t\t\t\t<\/div>\n\t\t<div class=\"elementor-element elementor-element-0d1df24 e-con-full e-grid e-con e-child\" data-id=\"0d1df24\" data-element_type=\"container\">\n\t\t<div class=\"elementor-element elementor-element-04d2a44 e-con-full e-flex elementor-invisible e-con e-child\" data-id=\"04d2a44\" data-element_type=\"container\" data-settings=\"{&quot;background_background&quot;:&quot;classic&quot;,&quot;animation&quot;:&quot;fadeIn&quot;,&quot;animation_delay&quot;:&quot;200&quot;}\">\n\t\t\t\t<div class=\"elementor-element elementor-element-a4cecba elementor-widget elementor-widget-heading\" data-id=\"a4cecba\" data-element_type=\"widget\" data-widget_type=\"heading.default\">\n\t\t\t\t<div class=\"elementor-widget-container\">\n\t\t\t<h5 class=\"elementor-heading-title elementor-size-default\">Low season\n\n<\/h5>\t\t<\/div>\n\t\t\t\t<\/div>\n\t\t\t\t<div class=\"elementor-element elementor-element-3b169d3 elementor-align-left elementor-widget__width-initial elementor-icon-list--layout-traditional elementor-list-item-link-full_width elementor-widget elementor-widget-icon-list\" data-id=\"3b169d3\" data-element_type=\"widget\" data-widget_type=\"icon-list.default\">\n\t\t\t\t<div class=\"elementor-widget-container\">\n\t\t\t<link rel=\"stylesheet\" href=\"https:\/\/gitedeliresse.be\/wp-content\/plugins\/elementor\/assets\/css\/widget-icon-list.min.css\">\t\t<ul class=\"elementor-icon-list-items\">\n\t\t\t\t\t\t\t<li class=\"elementor-icon-list-item\">\n\t\t\t\t\t\t\t\t\t\t<span class=\"elementor-icon-list-text\">P\u00e9riodes hors des week-ends prolong\u00e9s et des vacances<\/span>\n\t\t\t\t\t\t\t\t\t<\/li>\n\t\t\t\t\t\t\t\t<li class=\"elementor-icon-list-item\">\n\t\t\t\t\t\t\t\t\t\t\t<span class=\"elementor-icon-list-icon\">\n\t\t\t\t\t\t\t<svg aria-hidden=\"true\" class=\"e-font-icon-svg e-fas-arrow-alt-circle-right\" viewbox=\"0 0 512 512\" xmlns=\"http:\/\/www.w3.org\/2000\/svg\"><path d=\"M256 8c137 0 248 111 248 248S393 504 256 504 8 393 8 256 119 8 256 8zM140 300h116v70.9c0 10.7 13 16.1 20.5 8.5l114.3-114.9c4.7-4.7 4.7-12.2 0-16.9l-114.3-115c-7.6-7.6-20.5-2.2-20.5 8.5V212H140c-6.6 0-12 5.4-12 12v64c0 6.6 5.4 12 12 12z\"><\/path><\/svg>\t\t\t\t\t\t<\/span>\n\t\t\t\t\t\t\t\t\t\t<span class=\"elementor-icon-list-text\"><b>A partir de<\/b> 490\u20ac \u00e0 630\u20ac par nuit<\/span>\n\t\t\t\t\t\t\t\t\t<\/li>\n\t\t\t\t\t\t<\/ul>\n\t\t\t\t<\/div>\n\t\t\t\t<\/div>\n\t\t\t\t<\/div>\n\t\t<div class=\"elementor-element elementor-element-8e9d270 e-con-full e-flex elementor-invisible e-con e-child\" data-id=\"8e9d270\" data-element_type=\"container\" data-settings=\"{&quot;background_background&quot;:&quot;classic&quot;,&quot;animation&quot;:&quot;fadeIn&quot;,&quot;animation_delay&quot;:&quot;200&quot;}\">\n\t\t\t\t<div class=\"elementor-element elementor-element-e913720 elementor-widget elementor-widget-heading\" data-id=\"e913720\" data-element_type=\"widget\" data-widget_type=\"heading.default\">\n\t\t\t\t<div class=\"elementor-widget-container\">\n\t\t\t<h5 class=\"elementor-heading-title elementor-size-default\">High season<\/h5>\t\t<\/div>\n\t\t\t\t<\/div>\n\t\t\t\t<div class=\"elementor-element elementor-element-358a9ea elementor-align-left elementor-icon-list--layout-traditional elementor-list-item-link-full_width elementor-widget elementor-widget-icon-list\" data-id=\"358a9ea\" data-element_type=\"widget\" data-widget_type=\"icon-list.default\">\n\t\t\t\t<div class=\"elementor-widget-container\">\n\t\t\t\t\t<ul class=\"elementor-icon-list-items\">\n\t\t\t\t\t\t\t<li class=\"elementor-icon-list-item\">\n\t\t\t\t\t\t\t\t\t\t<span class=\"elementor-icon-list-text\">Vacances d'autonme, de Carnaval, de printemps Belge, Juillet et Ao\u00fbt <\/span>\n\t\t\t\t\t\t\t\t\t<\/li>\n\t\t\t\t\t\t\t\t<li class=\"elementor-icon-list-item\">\n\t\t\t\t\t\t\t\t\t\t\t<span class=\"elementor-icon-list-icon\">\n\t\t\t\t\t\t\t<svg aria-hidden=\"true\" class=\"e-font-icon-svg e-fas-arrow-alt-circle-right\" viewbox=\"0 0 512 512\" xmlns=\"http:\/\/www.w3.org\/2000\/svg\"><path d=\"M256 8c137 0 248 111 248 248S393 504 256 504 8 393 8 256 119 8 256 8zM140 300h116v70.9c0 10.7 13 16.1 20.5 8.5l114.3-114.9c4.7-4.7 4.7-12.2 0-16.9l-114.3-115c-7.6-7.6-20.5-2.2-20.5 8.5V212H140c-6.6 0-12 5.4-12 12v64c0 6.6 5.4 12 12 12z\"><\/path><\/svg>\t\t\t\t\t\t<\/span>\n\t\t\t\t\t\t\t\t\t\t<span class=\"elementor-icon-list-text\"><b>A partir de <\/b> 525\u20ac \u00e0 665\u20ac par nuit<\/span>\n\t\t\t\t\t\t\t\t\t<\/li>\n\t\t\t\t\t\t<\/ul>\n\t\t\t\t<\/div>\n\t\t\t\t<\/div>\n\t\t\t\t<\/div>\n\t\t<div class=\"elementor-element elementor-element-d0d1a61 e-con-full e-flex elementor-invisible e-con e-child\" data-id=\"d0d1a61\" data-element_type=\"container\" data-settings=\"{&quot;background_background&quot;:&quot;classic&quot;,&quot;animation&quot;:&quot;fadeIn&quot;,&quot;animation_delay&quot;:&quot;200&quot;}\">\n\t\t\t\t<div class=\"elementor-element elementor-element-da3ed1e elementor-widget elementor-widget-heading\" data-id=\"da3ed1e\" data-element_type=\"widget\" data-widget_type=\"heading.default\">\n\t\t\t\t<div class=\"elementor-widget-container\">\n\t\t\t<h5 class=\"elementor-heading-title elementor-size-default\">No\u00ebl & Nouvel an<\/h5>\t\t<\/div>\n\t\t\t\t<\/div>\n\t\t\t\t<div class=\"elementor-element elementor-element-e11525d elementor-align-left elementor-icon-list--layout-traditional elementor-list-item-link-full_width elementor-widget elementor-widget-icon-list\" data-id=\"e11525d\" data-element_type=\"widget\" data-widget_type=\"icon-list.default\">\n\t\t\t\t<div class=\"elementor-widget-container\">\n\t\t\t\t\t<ul class=\"elementor-icon-list-items\">\n\t\t\t\t\t\t\t<li class=\"elementor-icon-list-item\">\n\t\t\t\t\t\t\t\t\t\t\t<span class=\"elementor-icon-list-icon\">\n\t\t\t\t\t\t\t<svg aria-hidden=\"true\" class=\"e-font-icon-svg e-fas-arrow-alt-circle-right\" viewbox=\"0 0 512 512\" xmlns=\"http:\/\/www.w3.org\/2000\/svg\"><path d=\"M256 8c137 0 248 111 248 248S393 504 256 504 8 393 8 256 119 8 256 8zM140 300h116v70.9c0 10.7 13 16.1 20.5 8.5l114.3-114.9c4.7-4.7 4.7-12.2 0-16.9l-114.3-115c-7.6-7.6-20.5-2.2-20.5 8.5V212H140c-6.6 0-12 5.4-12 12v64c0 6.6 5.4 12 12 12z\"><\/path><\/svg>\t\t\t\t\t\t<\/span>\n\t\t\t\t\t\t\t\t\t\t<span class=\"elementor-icon-list-text\"><b>A partir de <\/b> 630\u20ac \u00e0 770\u20ac par nuit<\/span>\n\t\t\t\t\t\t\t\t\t<\/li>\n\t\t\t\t\t\t<\/ul>\n\t\t\t\t<\/div>\n\t\t\t\t<\/div>\n\t\t\t\t<\/div>\n\t\t<div class=\"elementor-element elementor-element-cc10186 e-con-full e-flex elementor-invisible e-con e-child\" data-id=\"cc10186\" data-element_type=\"container\" data-settings=\"{&quot;background_background&quot;:&quot;classic&quot;,&quot;animation&quot;:&quot;fadeIn&quot;,&quot;animation_delay&quot;:&quot;200&quot;}\">\n\t\t\t\t<div class=\"elementor-element elementor-element-d0a36f5 elementor-widget elementor-widget-heading\" data-id=\"d0a36f5\" data-element_type=\"widget\" data-widget_type=\"heading.default\">\n\t\t\t\t<div class=\"elementor-widget-container\">\n\t\t\t<h5 class=\"elementor-heading-title elementor-size-default\">Special stays<\/h5>\t\t<\/div>\n\t\t\t\t<\/div>\n\t\t\t\t<div class=\"elementor-element elementor-element-c6c277b elementor-align-left elementor-icon-list--layout-traditional elementor-list-item-link-full_width elementor-widget elementor-widget-icon-list\" data-id=\"c6c277b\" data-element_type=\"widget\" data-widget_type=\"icon-list.default\">\n\t\t\t\t<div class=\"elementor-widget-container\">\n\t\t\t\t\t<ul class=\"elementor-icon-list-items\">\n\t\t\t\t\t\t\t<li class=\"elementor-icon-list-item\">\n\t\t\t\t\t\t\t\t\t\t<span class=\"elementor-icon-list-text\">Longs week-ends de P\u00e2ques, Ascension, Pentec\u00f4te<\/span>\n\t\t\t\t\t\t\t\t\t<\/li>\n\t\t\t\t\t\t\t\t<li class=\"elementor-icon-list-item\">\n\t\t\t\t\t\t\t\t\t\t\t<span class=\"elementor-icon-list-icon\">\n\t\t\t\t\t\t\t<svg aria-hidden=\"true\" class=\"e-font-icon-svg e-fas-arrow-alt-circle-right\" viewbox=\"0 0 512 512\" xmlns=\"http:\/\/www.w3.org\/2000\/svg\"><path d=\"M256 8c137 0 248 111 248 248S393 504 256 504 8 393 8 256 119 8 256 8zM140 300h116v70.9c0 10.7 13 16.1 20.5 8.5l114.3-114.9c4.7-4.7 4.7-12.2 0-16.9l-114.3-115c-7.6-7.6-20.5-2.2-20.5 8.5V212H140c-6.6 0-12 5.4-12 12v64c0 6.6 5.4 12 12 12z\"><\/path><\/svg>\t\t\t\t\t\t<\/span>\n\t\t\t\t\t\t\t\t\t\t<span class=\"elementor-icon-list-text\"><b>A partir de <\/b> 569\u20ac par nuit<\/span>\n\t\t\t\t\t\t\t\t\t<\/li>\n\t\t\t\t\t\t<\/ul>\n\t\t\t\t<\/div>\n\t\t\t\t<\/div>\n\t\t\t\t<div class=\"elementor-element elementor-element-6b85ff6 elementor-align-left elementor-icon-list--layout-inline elementor-list-item-link-full_width elementor-widget elementor-widget-icon-list\" data-id=\"6b85ff6\" data-element_type=\"widget\" data-widget_type=\"icon-list.default\">\n\t\t\t\t<div class=\"elementor-widget-container\">\n\t\t\t\t\t<ul class=\"elementor-icon-list-items elementor-inline-items\">\n\t\t\t\t\t\t\t<li class=\"elementor-icon-list-item elementor-inline-item\">\n\t\t\t\t\t\t\t\t\t\t<span class=\"elementor-icon-list-text\"><\/span>\n\t\t\t\t\t\t\t\t\t<\/li>\n\t\t\t\t\t\t<\/ul>\n\t\t\t\t<\/div>\n\t\t\t\t<\/div>\n\t\t\t\t<\/div>\n\t\t<div class=\"elementor-element elementor-element-66426ab e-con-full elementor-hidden-desktop e-flex elementor-invisible e-con e-child\" data-id=\"66426ab\" data-element_type=\"container\" data-settings=\"{&quot;animation&quot;:&quot;fadeIn&quot;,&quot;animation_delay&quot;:&quot;200&quot;}\">\n\t\t\t\t<div class=\"elementor-element elementor-element-ed618cf elementor-widget elementor-widget-text-editor\" data-id=\"ed618cf\" data-element_type=\"widget\" data-widget_type=\"text-editor.default\">\n\t\t\t\t<div class=\"elementor-widget-container\">\n\t\t\t\t\t\t\t<h2><b>Price excluding utilities and cleaning<\/b><\/h2>\nNos prix sont indicatifs, ils peuvent varier selon la formule d\u00e9sir\u00e9e. (cf.\u00a0tableau des saisons).\nConsultez nos disponibilit\u00e9s\u00a0et prenez contact avec nous au\u00a0<a href=\"tel:  32 (0)473 52 61 56\"><b>+32 (0)473 52 61 56<\/b><\/a>\u00a0or via our<a href=\"https:\/\/gitedeliresse.be\/en\/contact\/\"><b> booking form<\/b><\/a>.\n<h3><b><u>Things to know before you arrive<\/u><\/b><\/h3>\n<h4><b>ACOMPTE<\/b><\/h4>\nA deposit of 50% of the rental price is required at the time of booking. The balance of the rental and the deposit of 1000 euros must be paid 10 days before your arrival. The deposit will be returned to you within 2 weeks of the end of your stay (after deduction of any damage or cleaning costs incurred as a result of ordinary use of the rented premises). The fixed amount of the security deposit does not prejudice any right of recourse or re-invoicing of any costs or damage incurred in excess of the amount of the security deposit.\n<h4><b>ARRIVAL AND DEPARTURE TIMES<\/b><\/h4>\n<strong>Arriv\u00e9e<\/strong> : entre 16h &amp; 19h\n<strong>D\u00e9part<\/strong> : avant 20h (dimanche et jour f\u00e9ri\u00e9s)\n<strong>D\u00e9part<\/strong> : avant 10h (lundi ou vendredi)\n<h4><b>INCLUDED IN YOUR STAY<\/b><\/h4>\n<ul>\n \t<li>WIFI<\/li>\n \t<li>Dish drainers<\/li>\n \t<li>2 baby cots<\/li>\n<\/ul>\n&nbsp;\n<h4><b>NOT INCLUDED IN STAY\n<\/b><\/h4>\n<ul>\n \t<li><strong>Cleaning (\u20ac200)<\/strong><\/li>\n \t<li><strong>Water\/heating\/electricity\/bins :<\/strong><\/li>\n \t<li><strong>Summer (01\/05 to 30\/09) \u20ac45\/night<\/strong><\/li>\n \t<li><strong>Winter (01\/10 to 30\/04) \u20ac60\/night<\/strong><\/li>\n \t<li><strong>Bed and bath linen must be hired (\u20ac135)<\/strong><\/li>\n \t<li><strong>Taxe de s\u00e9jour (8\u20ac\/nuit)<\/strong><\/li>\n \t<li><strong>Fagot de bois pour le feu\u00a0 (15\u20ac)<\/strong><\/li>\n \t<li><strong>P\u00eache (prendre contact avec les propri\u00e9taires)<\/strong><\/li>\n<\/ul>\n&nbsp;\n<h3><b>GOOD TO KNOW<\/b><\/h3>\nL\u2019organisation de f\u00eates d\u2019\u00e9tudiants, enterrements de vie de jeune gar\u00e7on\/fille\u2026 est interdite\n\nLes animaux de compagnie ne sont pas autoris\u00e9s. Sauf si accord du propri\u00e9taire au moment de la r\u00e9servation.\n\nVotre r\u00e9servation \u00e9quivaut \u00e0 l\u2019acceptation de toutes nos conditions g\u00e9n\u00e9rales ou r\u00e8glement d\u2019ordre int\u00e9rieur.\n\nPour des questions de s\u00e9curit\u00e9 : il y a la pr\u00e9sence de cam\u00e9ras ext\u00e9rieures d\u00e9di\u00e9es \u00e0 la surveillance des acc\u00e8s \u00e0 l&rsquo;habitation.\t\t\t\t\t\t<\/div>\n\t\t\t\t<\/div>\n\t\t\t\t<\/div>\n\t\t\t\t<\/div>\n\t\t\t\t\t<\/div>\n\t\t\t\t<\/div>\n\t\t\t\t<\/div>","protected":false},"excerpt":{"rendered":"<p>Nos tarifs Tarifs de location Chargement en cours&#8230; R\u00e9servez votre s\u00e9jour Prix par nuit, charges comprises Nos prix sont indicatifs, ils peuvent varier selon la formule d\u00e9sir\u00e9e. (cf.\u00a0tableau des saisons).Consultez nos disponibilit\u00e9s\u00a0et prenez contact avec nous au\u00a0+32 (0)473 52 61 56\u00a0ou\u00a0via notre formulaire de r\u00e9servation. \u00c0 savoir avant l\u2019arriv\u00e9e ACOMPTE Un acompte de 50% de [&hellip;]<\/p>","protected":false},"author":1,"featured_media":0,"parent":0,"menu_order":0,"comment_status":"closed","ping_status":"closed","template":"elementor_header_footer","meta":{"footnotes":""},"class_list":["post-205","page","type-page","status-publish","hentry"],"_links":{"self":[{"href":"https:\/\/gitedeliresse.be\/en\/wp-json\/wp\/v2\/pages\/205","targetHints":{"allow":["GET"]}}],"collection":[{"href":"https:\/\/gitedeliresse.be\/en\/wp-json\/wp\/v2\/pages"}],"about":[{"href":"https:\/\/gitedeliresse.be\/en\/wp-json\/wp\/v2\/types\/page"}],"author":[{"embeddable":true,"href":"https:\/\/gitedeliresse.be\/en\/wp-json\/wp\/v2\/users\/1"}],"replies":[{"embeddable":true,"href":"https:\/\/gitedeliresse.be\/en\/wp-json\/wp\/v2\/comments?post=205"}],"version-history":[{"count":239,"href":"https:\/\/gitedeliresse.be\/en\/wp-json\/wp\/v2\/pages\/205\/revisions"}],"predecessor-version":[{"id":1518,"href":"https:\/\/gitedeliresse.be\/en\/wp-json\/wp\/v2\/pages\/205\/revisions\/1518"}],"wp:attachment":[{"href":"https:\/\/gitedeliresse.be\/en\/wp-json\/wp\/v2\/media?parent=205"}],"curies":[{"name":"wp","href":"https:\/\/api.w.org\/{rel}","templated":true}]}}