{"id":609,"date":"2024-03-08T10:07:46","date_gmt":"2024-03-08T09:07:46","guid":{"rendered":"https:\/\/gitedeliresse.be\/?page_id=609"},"modified":"2024-03-11T10:23:42","modified_gmt":"2024-03-11T09:23:42","slug":"mentions-legales","status":"publish","type":"page","link":"https:\/\/gitedeliresse.be\/en\/mentions-legales\/","title":{"rendered":"Legal information"},"content":{"rendered":"<p class=\"p1\"><b>Identity<\/b><\/p>\n<p class=\"p1\">Website name: G\u00eete de Liresse<\/p>\n<p class=\"p1\">Website address : <a href=\"https:\/\/gitedeliresse.be\/en\/\">gitedeliresse.be<\/a><\/p>\n<p class=\"p1\"><b>Owner<\/b><\/p>\n<p class=\"p1\">Publication manager: Jean and Brigitte Rondia<\/p>\n<p class=\"p1\"><b>Hosting<\/b><\/p>\n<div dir=\"auto\">LWS - 10 Rue de Panthi\u00e8vre, 75008 Paris<\/div>\n<div dir=\"auto\"><\/div>\n<div dir=\"auto\"><strong>Legal representation<\/strong><\/div>\n<p><em>Greenworld SA<\/em><\/p>\n<div dir=\"auto\">3 chemin de Liresse Vivy 6833<\/div>\n<div dir=\"auto\">VAT 0464. 762.137<\/div>\n<p class=\"p1\"><b>Terms and conditions of use<\/b><\/p>\n<p class=\"p1\">Use of this site implies full acceptance of the general conditions of use described below. These conditions of use may be amended or supplemented at any time.<\/p>\n<p class=\"p1\"><b>Information<\/b><\/p>\n<p class=\"p1\">The information and documents on this site are provided for information purposes only and are not exhaustive. The owner of the site cannot be held responsible for any errors or omissions.<\/p>\n<p class=\"p1\">The site owner cannot be held responsible for any direct or indirect damage resulting from access to the site.<\/p>\n<p class=\"p1\"><b>Interactivity<\/b><\/p>\n<p class=\"p1\">Users of the site may post content, which will appear on the site in dedicated spaces (in particular via comments). The content posted remains the responsibility of its authors, who assume full legal liability.<\/p>\n<p class=\"p1\">However, the site owner reserves the right to withdraw, without notice or justification, any content posted by users that does not comply with the site's ethical charter or with current legislation.<\/p>\n<p class=\"p1\"><b>Intellectual property<\/b><\/p>\n<p class=\"p1\">Unless otherwise stated, all elements accessible on the site (texts, images, graphics, logos, icons, sounds, software, etc.) remain the exclusive property of their authors, with regard to intellectual property rights or rights of use.<\/p>\n<p class=\"p1\">Any reproduction, representation, modification, publication, adaptation of all or part of the elements of the site, whatever the means or process used, is forbidden, except with the prior written authorisation of the author.<\/p>\n<p class=\"p1\">Any unauthorised use of the site or of any of the elements it contains is considered to constitute an infringement and is liable to prosecution.<\/p>\n<p class=\"p1\">The brands and logos reproduced on the site are registered by the companies that own them.<\/p>\n<p class=\"p1\"><b>Links<\/b><\/p>\n<p class=\"p1\"><i>Outgoing links<\/i><\/p>\n<p class=\"p1\">The owner of the site declines all responsibility and is not committed by the referencing, via hypertext links, of third-party resources present on the Internet network, as regards both their content and their relevance.<\/p>\n<p class=\"p1\"><i>Incoming links<\/i><\/p>\n<p class=\"p1\">The site owner authorises hypertext links to one of the pages on this site, provided that these open a new window and are presented in an unequivocal manner to avoid any risk of confusion between the site citing the link and the site owner, as well as any tendentious presentation or one that contravenes the laws in force.<\/p>\n<p class=\"p1\">The site owner reserves the right to request the removal of a link if it considers that the source site does not comply with these rules.<\/p>\n<p class=\"p1\"><b>Confidentiality<\/b><\/p>\n<p class=\"p1\">All users have the right to access, rectify and oppose any personal data concerning them, by making a written and signed request, accompanied by proof of identity.<\/p>\n<p class=\"p1\">Please consult our privacy policy on a dedicated page.<\/p>\n<p class=\"p1\"><b>Credits<\/b><\/p>\n<p class=\"p1\">Some illustrations (photos, icons, etc.) may come from the following sites; under licence :<\/p>\n<ul class=\"ul1\">\n<li class=\"li1\">Flaticon<\/li>\n<li class=\"li1\">Unsplash<\/li>\n<li class=\"li1\">Freepik<\/li>\n<\/ul>","protected":false},"excerpt":{"rendered":"<p>Identit\u00e9 Nom du site web : G\u00eete de Liresse Adresse du site : gitedeliresse.be Propri\u00e9taire Responsable de publication : Jean et Brigitte Rondia H\u00e9bergement LWS &#8211; 10 Rue de Panthi\u00e8vre, 75008 Paris Repr\u00e9sentation l\u00e9gale Greenworld SA 3 chemin de Liresse Vivy 6833 TVA 0464. 762.137 Conditions d\u2019utilisation L\u2019utilisation du pr\u00e9sent site implique l\u2019acceptation pleine et [&hellip;]<\/p>","protected":false},"author":1,"featured_media":0,"parent":0,"menu_order":0,"comment_status":"closed","ping_status":"closed","template":"","meta":{"footnotes":""},"class_list":["post-609","page","type-page","status-publish","hentry"],"_links":{"self":[{"href":"https:\/\/gitedeliresse.be\/en\/wp-json\/wp\/v2\/pages\/609","targetHints":{"allow":["GET"]}}],"collection":[{"href":"https:\/\/gitedeliresse.be\/en\/wp-json\/wp\/v2\/pages"}],"about":[{"href":"https:\/\/gitedeliresse.be\/en\/wp-json\/wp\/v2\/types\/page"}],"author":[{"embeddable":true,"href":"https:\/\/gitedeliresse.be\/en\/wp-json\/wp\/v2\/users\/1"}],"replies":[{"embeddable":true,"href":"https:\/\/gitedeliresse.be\/en\/wp-json\/wp\/v2\/comments?post=609"}],"version-history":[{"count":4,"href":"https:\/\/gitedeliresse.be\/en\/wp-json\/wp\/v2\/pages\/609\/revisions"}],"predecessor-version":[{"id":625,"href":"https:\/\/gitedeliresse.be\/en\/wp-json\/wp\/v2\/pages\/609\/revisions\/625"}],"wp:attachment":[{"href":"https:\/\/gitedeliresse.be\/en\/wp-json\/wp\/v2\/media?parent=609"}],"curies":[{"name":"wp","href":"https:\/\/api.w.org\/{rel}","templated":true}]}}