{"id":613,"date":"2024-03-08T10:08:09","date_gmt":"2024-03-08T09:08:09","guid":{"rendered":"https:\/\/gitedeliresse.be\/?page_id=613"},"modified":"2024-03-15T10:19:09","modified_gmt":"2024-03-15T09:19:09","slug":"reglement-interieur","status":"publish","type":"page","link":"https:\/\/gitedeliresse.be\/en\/reglement-interieur\/","title":{"rendered":"Rules of procedure"},"content":{"rendered":"<p class=\"p4\"><b>Regulations<\/b><b> <\/b><span class=\"s3\"><b>order<\/b><\/span><b> <\/b><span class=\"s5\"><b>interior<\/b><\/span><\/p>\n<p class=\"p5\"><span class=\"s6\">For<\/span> <span class=\"s8\">a<\/span> stay <span class=\"s6\">100%<\/span> a few rules apply.<\/p>\n<p class=\"p6\">Read them carefully to <span class=\"s17\">take advantage<\/span> <span class=\"s17\">from<\/span> your <span class=\"s21\">home<\/span> <span class=\"s23\">from<\/span> holidays <span class=\"s17\">without<\/span> stress.<\/p>\n<p class=\"p8\"><span class=\"Apple-converted-space\">\u00a0\u00a0<\/span><\/p>\n<p class=\"p11\"><span class=\"s26\">The<\/span> rules <span class=\"s29\">from<\/span> <span class=\"s31\">base :<\/span><\/p>\n<ul class=\"ul1\">\n<li class=\"li12\">Respect your holiday home as a <span class=\"s34\">if<\/span> it was <span class=\"s6\">your<\/span> own home.<\/li>\n<li class=\"li12\">Visit <span class=\"s21\">account <\/span>instructions <span class=\"s41\">and<\/span> comments <span class=\"s6\">transmitted<\/span> l<span class=\"s8\">ors<\/span> <span class=\"s34\">from<\/span> reception concerning the use of <span class=\"s48\">from<\/span> equipment, <span class=\"s51\">from<\/span> <span class=\"s53\">furniture...<\/span><\/li>\n<li class=\"li12\">Respect your neighbours <span class=\"s6\">at<\/span> avoiding <span class=\"s8\">from<\/span> <span class=\"s8\">noise<\/span> <span class=\"s29\">\u00e0<\/span> outside <span class=\"s53\">from<\/span> in an untimely manner.<\/li>\n<li class=\"li12\"><span class=\"s8\">Sort<\/span> your rubbish. Take out your rubbish on <span class=\"s63\">good<\/span> day. <span class=\"s34\">Visit<\/span> <span class=\"s34\">case<\/span> <span class=\"s21\">from<\/span> doubt, <span class=\"s6\">ask for<\/span> <span class=\"s8\">advice.<\/span><\/li>\n<\/ul>\n<p class=\"p17\"><span class=\"s23\">The state<\/span> <span class=\"s51\">from<\/span> <span class=\"s48\">locations<\/span>\u00a0at the start <span class=\"s31\">and<\/span> on arrival<\/p>\n<p class=\"p18\"><span class=\"s37\">The state of play <\/span><span class=\"s72\">is <\/span>an essential step for <span class=\"s41\">a <\/span>stay <span class=\"s73\">successful<\/span> <span class=\"s53\">and<\/span> without <span class=\"s6\">bad<\/span> surprise. <span class=\"s76\">Do not<\/span> <span class=\"s41\">the<\/span> don't neglect.<\/p>\n<p class=\"p18\"><span class=\"s53\">Visit <\/span>the state <span class=\"s31\">from <\/span><span class=\"s6\">places, <\/span><span class=\"s53\">and <\/span><span class=\"s23\">the <\/span><span class=\"s8\">statement <\/span>of meters (if <span class=\"s53\">you <\/span><span class=\"s8\">do<\/span> <span class=\"s37\">pay <\/span><span class=\"s79\">not <\/span><span class=\"s80\">a <\/span><span class=\"s37\">package <\/span><span class=\"s81\">from <\/span><span class=\"s37\">charges), <\/span><span class=\"s71\">with the<\/span><span class=\"s82\">\u00a0<\/span><span class=\"s83\">owner <\/span><span class=\"s8\">or <\/span><span class=\"s6\">the <\/span>manager <span class=\"s45\">\u00e0<\/span> <span class=\"s37\">arrival<\/span> <span class=\"s37\">in<\/span> <span class=\"s37\">your<\/span> <span class=\"s37\">home<\/span> <span class=\"s86\">from <\/span><span class=\"s87\">holidays<\/span> <span class=\"s31\">and<\/span> also <span class=\"s63\">\u00e0<\/span> <span class=\"s31\">the<\/span> exit.<\/p>\n<p class=\"p19\">Sign these documents in duplicate. This <span class=\"s53\">you <\/span>avoid <span class=\"s73\">all <\/span>misunderstanding <span class=\"s31\">after<\/span> <span class=\"s63\">the<\/span> that would spoil your <span class=\"s48\">memories.<\/span><\/p>\n<p>&nbsp;<\/p>\n<p class=\"p22\"><span class=\"s94\"><b>You<\/b><\/span><b> <\/b><span class=\"s96\"><b>are<\/b><\/span><b> <\/b><b>responsible :<\/b><\/p>\n<p class=\"p23\"><span class=\"s98\">You <\/span><span class=\"s6\">are <\/span>manager <span class=\"s94\">from <\/span><span class=\"s73\">behaviour <\/span><span class=\"s99\">from <\/span><span class=\"s41\">all <\/span><span class=\"s100\">your <\/span><span class=\"s101\">guests<\/span> <span class=\"s103\">and <\/span><span class=\"s41\">any <\/span><span class=\"s26\">animals <\/span><span class=\"s101\">from <\/span><span class=\"s76\">company. <\/span>Raise awareness <span class=\"s104\">at <\/span><span class=\"s29\">respect<\/span> <span class=\"s106\">from<\/span> <span class=\"s108\">the<\/span> <span class=\"s101\">home<\/span> <span class=\"s94\">from <\/span><span class=\"s41\">holidays<\/span> <span class=\"s41\">and<\/span> <span class=\"s8\">from<\/span> <span class=\"s100\">instructions<\/span> <span class=\"s115\">from<\/span> <span class=\"s8\">security.<\/span><\/p>\n<p class=\"p25\"><span class=\"s117\">Visit<\/span> <span class=\"s119\">case<\/span> <span class=\"s121\">from<\/span> damage <span class=\"s100\">caused <\/span><span class=\"s123\">by<\/span> <span class=\"s34\">you<\/span> <span class=\"s126\">or<\/span> <span class=\"s128\">by<\/span> <span class=\"s3\">a<\/span> <span class=\"s131\">from<\/span> <span class=\"s51\">your<\/span> <span class=\"s63\">hosts,<\/span> <span class=\"s73\">you<\/span> <span class=\"s6\">are<\/span> civilly <span class=\"s41\">responsible.<\/span> <span class=\"s63\">La<\/span> <span class=\"s63\">discount<\/span> <span class=\"s139\">at <\/span><span class=\"s103\">status<\/span> <span class=\"s41\">will be<\/span> <span class=\"s3\">\u00e0<\/span> <span class=\"s29\">your<\/span> <span class=\"s76\">fresh.<\/span><\/p>\n<p class=\"p26\"><span class=\"s96\">For <\/span><span class=\"s41\">from <\/span><span class=\"s23\">reasons <\/span><span class=\"s96\">from <\/span>security <span class=\"s48\">fire. Visit <\/span><span class=\"s23\">number <\/span><span class=\"s72\">from <\/span>holidaymakers <span class=\"s144\">do <\/span><span class=\"s99\">can <\/span><span class=\"s94\">at <\/span><span class=\"s76\">no <\/span><span class=\"s41\">case <\/span><span class=\"s17\">exceed <\/span><span class=\"s145\">the <\/span>capacity <span class=\"s101\">maximum <\/span><span class=\"s146\">from <\/span><span class=\"s48\">accommodation<\/span><span class=\"s51\">. <\/span><span class=\"s31\">Visit <\/span><span class=\"s145\">case <\/span><span class=\"s148\">from <\/span><span class=\"s3\">non-compliance<\/span><span class=\"s23\">, <\/span><span class=\"s76\">the owner <\/span><span class=\"s26\">can <\/span>also <span class=\"s6\">go to<\/span> <span class=\"s128\">a<\/span> <span class=\"s51\">term<\/span> <span class=\"s101\">\u00e0<\/span> <span class=\"s96\">your<\/span> <span class=\"s31\">stay<\/span> <span class=\"s41\">without<\/span> advance notice <span class=\"s103\">or <\/span><span class=\"s53\">reimbursement.<\/span><\/p>\n<p class=\"p28\"><span class=\"s152\"><b>Visit<\/b><\/span><b> <\/b><span class=\"s26\"><b>case<\/b><\/span><b> <\/b><b>accident<\/b><b> :<\/b><\/p>\n<p class=\"p29\"><span class=\"s37\">Contact <\/span><span class=\"s159\">the <\/span><span class=\"s160\">more <\/span><span class=\"s161\">quickly <\/span><span class=\"s162\">possible <\/span><span class=\"s163\">the <\/span><span class=\"s80\">owner <\/span><span class=\"s163\">or <\/span><span class=\"s164\">the <\/span><span class=\"s165\">manager<\/span><span class=\"s167\">\u00a0<\/span><span class=\"s168\">for <\/span><span class=\"s37\">establish <\/span><span class=\"s168\">the <\/span><span class=\"s83\">report <\/span><span class=\"s169\">or <\/span><span class=\"s167\">define <\/span><span class=\"s170\">set <\/span><span class=\"s171\">the <\/span><span class=\"s86\">steps<\/span> <span class=\"s173\">\u00e0<\/span> <span class=\"s76\">Undertake.<\/span><\/p>\n<p class=\"p30\"><span class=\"s26\">La <\/span>responsibility <span class=\"s73\">from <\/span>owner <span class=\"s63\">or <\/span><span class=\"s76\">d'Ardennes-\u00e9tape <\/span><span class=\"s5\">do <\/span><span class=\"s175\">for<\/span><span class=\"s145\">ra <\/span><span class=\"s101\">be <\/span>committed <span class=\"s115\">at <\/span><span class=\"s94\">case <\/span><span class=\"s6\">improper use<\/span><span class=\"s99\">\u00a0<\/span><span class=\"s177\">from <\/span><span class=\"s5\">the <\/span><span class=\"s103\">home<\/span> <span class=\"s71\">from <\/span><span class=\"s37\">holidays<\/span> <span class=\"s179\">or<\/span> <span class=\"s181\">from<\/span> <span class=\"s49\">the equipment<\/span> <span class=\"s173\">which<\/span> <span class=\"s48\">is<\/span> <span class=\"s23\">set<\/span> <span class=\"s94\">\u00e0<\/span> <span class=\"s5\">disposition.<\/span><\/p>\n<p class=\"p32\">A problem in <span class=\"s41\">your <\/span>home <span class=\"s8\">from <\/span>holidays <span class=\"s53\">during <\/span><span class=\"s8\">your <\/span><span class=\"s21\">stay<\/span> <span class=\"s186\">and <\/span><span class=\"s31\">you <\/span>can't find a solution with <span class=\"s51\">the <\/span><span class=\"s6\">owner <\/span><span class=\"s73\">or <\/span><span class=\"s31\">sound<\/span> manager? Contact <span class=\"s186\">our<\/span> customer service.<\/p>\n<p class=\"p34\"><span class=\"s94\"><b>La<\/b><\/span><b> <\/b><b>bedding :<\/b><\/p>\n<p class=\"p35\"><span class=\"s45\">If the <\/span><span class=\"s189\">linen <\/span><span class=\"s37\">bed is <\/span><span class=\"s83\">not <\/span><span class=\"s37\">for rent in the <\/span><span class=\"s23\">house, <\/span><span class=\"s31\">you <\/span>are <span class=\"s48\">held<\/span> use your own sheets and pillowcases, <span class=\"s48\">covers...<\/span><\/p>\n<p class=\"p37\">For <span class=\"s53\">from <\/span>hygiene reasons <span class=\"s31\">obvious, <\/span>it is <span class=\"s6\">prohibited <\/span><span class=\"s73\">from <\/span><span class=\"s41\">sleep<\/span> in <span class=\"s193\">the <\/span>beds <span class=\"s8\">from <\/span>your holiday home without the <span class=\"s31\">have <\/span>protected<span class=\"s41\">.<\/span><\/p>\n<p class=\"p38\">In the <span class=\"s48\">case<\/span> If this is not the case, you will be charged for cleaning or even replacing the bedding.<\/p>\n<p class=\"p40\">Save <span class=\"s31\">energy :<\/span><\/p>\n<p class=\"p41\"><span class=\"s8\">Visit <\/span><span class=\"s53\">proactive<\/span> in use <span class=\"s6\">from <\/span><span class=\"s8\">heating.<\/span> Use <span class=\"s8\">the <\/span>thermostat to regulate the temperature.<\/p>\n<p class=\"p42\"><span class=\"s198\">Avoid<\/span> <span class=\"s200\">d*open<\/span> <span class=\"s200\">the<\/span> <span class=\"s200\">windows<\/span> <span class=\"s200\">when<\/span> <span class=\"s202\">the<\/span> <span class=\"s200\">heating<\/span> <span class=\"s200\">works.<\/span> Turn off the lights when you leave a room. Visit <span class=\"s72\">\u00e0 <\/span>regulate your water consumption.<\/p>\n<p class=\"p44\">In short, all these <span class=\"s72\">small<\/span> gestures <span class=\"s53\">from <\/span>daily <span class=\"s41\">that <\/span><span class=\"s8\">you <\/span><span class=\"s73\">know<\/span> <span class=\"s41\">and<\/span> <span class=\"s6\">which<\/span> also apply <span class=\"s8\">at <\/span><span class=\"s53\">holidays.<\/span><\/p>\n<p class=\"p52\"><span class=\"s222\"><b>La<\/b><\/span><b> <\/b><b>security<\/b><b> <\/b><span class=\"s26\"><b>from<\/b><\/span><b> <\/b><span class=\"s100\"><b>children :<\/b><\/span><\/p>\n<p class=\"p53\"><span class=\"s225\">Do not <\/span>leave <span class=\"s226\">\u00e0 <\/span><span class=\"s94\">no <\/span>moment <span class=\"s121\">your <\/span><span class=\"s72\">children <\/span><span class=\"s41\">unattended. <\/span><span class=\"s227\">For<\/span> l<span class=\"s121\">eur <\/span><span class=\"s31\">security, <\/span><span class=\"s23\">visit <\/span><span class=\"s173\">the <\/span><span class=\"s101\">tower <\/span><span class=\"s229\">from <\/span><span class=\"s230\">the <\/span>house with <span class=\"s231\">them <\/span>and <span class=\"s94\">remind them<\/span>\u00a0<span class=\"s233\">the<\/span><span class=\"s103\">s<\/span> <span class=\"s86\">rule<\/span><span class=\"s145\">s<\/span> <span class=\"s235\">from<\/span>\u00a0<span class=\"s235\">bottom<\/span><span class=\"s237\">e :<\/span><\/p>\n<ul class=\"ul1\">\n<li class=\"li55\">do <span class=\"s48\">not<\/span> run in <span class=\"s73\">the<\/span> <span class=\"s53\">stairs,<\/span><\/li>\n<li class=\"li55\"><span class=\"s37\">do<\/span> <span class=\"s162\">not <\/span><span class=\"s37\">play<\/span> <span class=\"s242\">with<\/span> <span class=\"s34\">the<\/span> <span class=\"s63\">doors,<\/span><\/li>\n<li class=\"li55\">above all, do not go out <span class=\"s63\">from<\/span> garden itself <span class=\"s73\">for<\/span> recover a ball from the <span class=\"s73\">street...<\/span><\/li>\n<\/ul>\n<p class=\"p61\"><strong><span class=\"s100\">Cars,<\/span> <span class=\"s23\">tents,<\/span> mobile home <span class=\"s94\">etc<\/span><\/strong><\/p>\n<p class=\"p62\"><span class=\"s193\">Do not <\/span><span class=\"s31\">park your <\/span>car <span class=\"s51\">than <\/span><span class=\"s100\">locations <\/span><span class=\"s173\">planned <\/span><span class=\"s250\">\u00e0 <\/span><span class=\"s76\">this <\/span><span class=\"s34\">effect. <\/span><span class=\"s51\">You<\/span> <span class=\"s175\">do <\/span><span class=\"s48\">can <\/span><span class=\"s29\">set up <\/span><span class=\"s251\">from <\/span><span class=\"s41\">tent, <\/span><span class=\"s63\">mobile home, <\/span><span class=\"s53\">caravan... <\/span><span class=\"s34\">or <\/span><span class=\"s193\">any<\/span> <span class=\"s41\">other <\/span><span class=\"s34\">shape <\/span><span class=\"s48\">from <\/span>accommodation <span class=\"s101\">temporary <\/span><span class=\"s253\">on <\/span><span class=\"s76\">the <\/span><span class=\"s26\">property <\/span><span class=\"s8\">from <\/span><span class=\"s101\">the <\/span><span class=\"s41\">home<\/span> <span class=\"s29\">from<\/span> holidays.<\/p>\n<p class=\"p63\">Animals :<\/p>\n<p class=\"p64\"><span class=\"s37\">If<\/span> <span class=\"s45\">your<\/span> <span class=\"s31\">home <\/span>holiday <span class=\"s8\">accept<\/span> the <span class=\"s53\">animals,<\/span> visit <span class=\"s26\">\u00e0<\/span> respect <span class=\"s53\">the <\/span>health and safety instructions <span class=\"s41\">and <\/span>access rights <span class=\"s41\">by<\/span> <span class=\"s37\">the<\/span> <span class=\"s37\">owner<\/span> <span class=\"s258\">or<\/span> <span class=\"s260\">|e<\/span> <span class=\"s37\">manager<\/span> <span class=\"s80\">which <\/span><span class=\"s37\">the<\/span> <span class=\"s37\">represents.<\/span><\/p>\n<p class=\"p65\"><span class=\"s262\">Do not <\/span><span class=\"s37\">go beyond <\/span><span class=\"s76\">not <\/span><span class=\"s48\">the <\/span><span class=\"s8\">number <\/span>pets allowed. <span class=\"s177\">Visit <\/span><span class=\"s96\">case <\/span><span class=\"s34\">from <\/span>overtaking<span class=\"s8\">, <\/span>a <span class=\"s53\">term <\/span><span class=\"s41\">can <\/span><span class=\"s76\">be <\/span>set <span class=\"s263\">\u00e0 <\/span><span class=\"s73\">your <\/span><span class=\"s76\">stay <\/span>without <span class=\"s31\">advance notice <\/span><span class=\"s73\">or <\/span><span class=\"s41\">de<\/span>damage.<\/p>\n<p class=\"p67\"><span class=\"s31\"><b>Infos<\/b><\/span><b> <\/b><b>practices<\/b><\/p>\n<p class=\"p68\"><em>Departure times <span class=\"s53\">and<\/span> of arrival :<\/em><\/p>\n<p class=\"p69\"><span class=\"s145\">All <\/span><span class=\"s101\">the <\/span><span class=\"s94\">information <\/span><span class=\"s26\">go to <\/span><span class=\"s63\">can be found in <\/span><span class=\"s266\">your <\/span><span class=\"s76\">ticket <\/span>stay <span class=\"s31\">except <\/span><span class=\"s101\">agreement <\/span><span class=\"s100\">individual <\/span><span class=\"s29\">caught between <\/span><span class=\"s173\">you <\/span>and <span class=\"s29\">the <\/span>owner <span class=\"s51\">from <\/span><span class=\"s227\">the<\/span> <span class=\"s103\">home<\/span> from <span class=\"s41\">holidays.<\/span><\/p>\n<p class=\"p71\"><em>At <span class=\"s76\">from<\/span> departure :<\/em><\/p>\n<p class=\"p72\"><span class=\"s41\">You<\/span> <span class=\"s73\">are<\/span> <span class=\"s101\">held<\/span> <span class=\"s227\">from<\/span> <span class=\"s100\">return<\/span> <span class=\"s253\">the<\/span> accommodation <span class=\"s53\">in<\/span> <span class=\"s96\">a <\/span><span class=\"s23\">perfect<\/span> status <span class=\"s99\">order<\/span> <span class=\"s51\">and<\/span> <span class=\"s26\">from<\/span> <span class=\"s8\">cleanliness.<\/span><\/p>\n<p class=\"p73\"><span class=\"s115\">Even<\/span> <span class=\"s41\">if <\/span><span class=\"s3\">you <\/span><span class=\"s31\">have <\/span><span class=\"s41\">fact <\/span><span class=\"s103\">call<\/span> <span class=\"s115\">at <\/span><span class=\"s48\">service <\/span><span class=\"s276\">from <\/span>cleaning, <span class=\"s26\">don't forget<\/span> <span class=\"s119\">not<\/span> <span class=\"s41\">of :<\/span><\/p>\n<ul class=\"ul1\">\n<li class=\"li74\">make <span class=\"s94\">the<\/span> <span class=\"s76\">well<\/span> <span class=\"s121\">swept away,<\/span><\/li>\n<li class=\"li74\"><span class=\"s37\">clean and<\/span> <span class=\"s37\">ranger<\/span> washing up,<\/li>\n<li class=\"li74\">clean household appliances (including the barbecue),<\/li>\n<li class=\"li74\">return <span class=\"s41\">the <\/span>furniture having <span class=\"s53\">summer <\/span>moved to their previous location <span class=\"s283\">\u00e0<\/span> your arrival,<\/li>\n<li class=\"li74\">leave the toilet in <span class=\"s96\">a<\/span> <span class=\"s41\">status<\/span> <span class=\"s53\">clean,<\/span><\/li>\n<li class=\"li74\">sorting waste <span class=\"s8\">and<\/span> the <span class=\"s53\">go to<\/span> <span class=\"s115\">\u00e0<\/span> where indicated<\/li>\n<li class=\"li74\">unmaking beds and folding sheets.<\/li>\n<\/ul>\n<p class=\"p81\"><span class=\"s31\">If <\/span><span class=\"s292\">the <\/span><span class=\"s8\">owner<\/span> <span class=\"s173\">or <\/span>the <span class=\"s100\">manager <\/span><span class=\"s31\">must<\/span> <span class=\"s53\">hire <\/span>from <span class=\"s173\">costs <\/span><span class=\"s48\">removed<\/span><span class=\"s51\">ments<\/span> <span class=\"s100\">for <\/span><span class=\"s5\">return<\/span> <span class=\"s48\">the <\/span><span class=\"s17\">home <\/span><span class=\"s121\">at <\/span><span class=\"s51\">status, <\/span><span class=\"s100\">these <\/span>will be billed to you <span class=\"s119\">or<\/span> <span class=\"s41\">deducted<\/span> <span class=\"s6\">from<\/span> <span class=\"s295\">the<\/span> <span class=\"s8\">bail.<\/span><\/p>\n<p class=\"p82\"><span class=\"s63\">After <\/span><span class=\"s96\">your <\/span>stay, <span class=\"s99\">we <\/span><span class=\"s8\">you <\/span>transmit <span class=\"s34\">our <\/span>survey <span class=\"s51\">from <\/span><span class=\"s21\">satisfaction. <\/span><span class=\"s96\">Thanks to <\/span>at <span class=\"s100\">numerous <\/span><span class=\"s121\">answers <\/span><span class=\"s8\">from <\/span><span class=\"s41\">holidaymakers<\/span><span class=\"s76\">, <\/span><span class=\"s63\">the <\/span><span class=\"s76\">quality <\/span><span class=\"s297\">from <\/span><span class=\"s76\">the <\/span><span class=\"s72\">selection <\/span><span class=\"s41\">Ardennes-stop <\/span><span class=\"s51\">remains <\/span><span class=\"s76\">incomparable<\/span><span class=\"s8\">.<\/span> In advance, <span class=\"s100\">thank you<\/span> <span class=\"s29\">for<\/span> <span class=\"s23\">your<\/span> <span class=\"s41\">participation.<\/span><\/p>\n<p class=\"p83\"><span class=\"s37\">Don't forget<\/span> <span class=\"s37\">not<\/span> <span class=\"s37\">to claim<\/span> <span class=\"s301\">your<\/span> Ardennes experience guide <span class=\"s17\">at <\/span>owner <span class=\"s41\">or <\/span><span class=\"s72\">at <\/span>manager for <span class=\"s37\">take full advantage <\/span><span class=\"s21\">of your <\/span>Ardennes stopover.<\/p>\n<p class=\"p86\">Please follow the additional instructions below <span class=\"s6\">by<\/span> the owner of your holiday home.<\/p>\n<p class=\"p87\">We hope you enjoy your stay <span class=\"s53\">at<\/span> Ardenne.<\/p>","protected":false},"excerpt":{"rendered":"<p>R\u00e8glement d\u2019ordre int\u00e9rieur Pour un s\u00e9jour 100% r\u00e9ussi, quelques r\u00e8gles s\u2019appliquent. Lisez-les attentivement pour profiter de votre maison de vacances sans stress. \u00a0\u00a0 Les r\u00e8gles de base : Respectez la maison de vacances comme si c\u2019\u00e9tait votre propre habitation. Tenez compte des consignes et remarques transmises lors de l\u2019accueil concernant l\u2019utilisation de l\u2019\u00e9quipement, du mobilier&#8230; [&hellip;]<\/p>","protected":false},"author":1,"featured_media":0,"parent":0,"menu_order":0,"comment_status":"closed","ping_status":"closed","template":"","meta":{"footnotes":""},"class_list":["post-613","page","type-page","status-publish","hentry"],"_links":{"self":[{"href":"https:\/\/gitedeliresse.be\/en\/wp-json\/wp\/v2\/pages\/613","targetHints":{"allow":["GET"]}}],"collection":[{"href":"https:\/\/gitedeliresse.be\/en\/wp-json\/wp\/v2\/pages"}],"about":[{"href":"https:\/\/gitedeliresse.be\/en\/wp-json\/wp\/v2\/types\/page"}],"author":[{"embeddable":true,"href":"https:\/\/gitedeliresse.be\/en\/wp-json\/wp\/v2\/users\/1"}],"replies":[{"embeddable":true,"href":"https:\/\/gitedeliresse.be\/en\/wp-json\/wp\/v2\/comments?post=613"}],"version-history":[{"count":4,"href":"https:\/\/gitedeliresse.be\/en\/wp-json\/wp\/v2\/pages\/613\/revisions"}],"predecessor-version":[{"id":645,"href":"https:\/\/gitedeliresse.be\/en\/wp-json\/wp\/v2\/pages\/613\/revisions\/645"}],"wp:attachment":[{"href":"https:\/\/gitedeliresse.be\/en\/wp-json\/wp\/v2\/media?parent=613"}],"curies":[{"name":"wp","href":"https:\/\/api.w.org\/{rel}","templated":true}]}}