{"id":1098,"date":"2024-05-16T10:13:45","date_gmt":"2024-05-16T08:13:45","guid":{"rendered":"https:\/\/gitedeliresse.be\/?page_id=1098"},"modified":"2024-05-16T11:52:00","modified_gmt":"2024-05-16T09:52:00","slug":"blog","status":"publish","type":"page","link":"https:\/\/gitedeliresse.be\/nl\/blog\/","title":{"rendered":"Blog"},"content":{"rendered":"<div data-elementor-type=\"wp-page\" data-elementor-id=\"1098\" class=\"elementor elementor-1098\" data-elementor-post-type=\"page\">\n\t\t\t\t<div class=\"elementor-element elementor-element-8a33b68 e-flex e-con-boxed e-con e-parent\" data-id=\"8a33b68\" data-element_type=\"container\" data-settings=\"{&quot;background_background&quot;:&quot;classic&quot;}\">\n\t\t\t\t\t<div class=\"e-con-inner\">\n\t\t<div class=\"elementor-element elementor-element-b9f488b e-con-full e-flex e-con e-child\" data-id=\"b9f488b\" data-element_type=\"container\">\n\t\t\t\t<div class=\"elementor-element elementor-element-51eca6c elementor-invisible elementor-widget elementor-widget-heading\" data-id=\"51eca6c\" data-element_type=\"widget\" data-settings=\"{&quot;_animation&quot;:&quot;fadeIn&quot;}\" data-widget_type=\"heading.default\">\n\t\t\t\t<div class=\"elementor-widget-container\">\n\t\t\t<style>\/*! elementor - v3.21.0 - 08-05-2024 *\/\n.elementor-heading-title{padding:0;margin:0;line-height:1}.elementor-widget-heading .elementor-heading-title[class*=elementor-size-]>a{color:inherit;font-size:inherit;line-height:inherit}.elementor-widget-heading .elementor-heading-title.elementor-size-small{font-size:15px}.elementor-widget-heading .elementor-heading-title.elementor-size-medium{font-size:19px}.elementor-widget-heading .elementor-heading-title.elementor-size-large{font-size:29px}.elementor-widget-heading .elementor-heading-title.elementor-size-xl{font-size:39px}.elementor-widget-heading .elementor-heading-title.elementor-size-xxl{font-size:59px}<\/style><h1 class=\"elementor-heading-title elementor-size-default\">Nos publications<\/h1>\t\t<\/div>\n\t\t\t\t<\/div>\n\t\t\t\t<\/div>\n\t\t\t\t\t<\/div>\n\t\t\t\t<\/div>\n\t\t<div class=\"elementor-element elementor-element-1d4a477 e-flex e-con-boxed e-con e-parent\" data-id=\"1d4a477\" data-element_type=\"container\">\n\t\t\t\t\t<div class=\"e-con-inner\">\n\t\t\t\t<div class=\"elementor-element elementor-element-13c8362 elementor-posts--align-center elementor-grid-3 elementor-grid-tablet-2 elementor-grid-mobile-1 elementor-posts--thumbnail-top elementor-widget elementor-widget-posts\" data-id=\"13c8362\" data-element_type=\"widget\" data-settings=\"{&quot;classic_columns&quot;:&quot;3&quot;,&quot;classic_columns_tablet&quot;:&quot;2&quot;,&quot;classic_columns_mobile&quot;:&quot;1&quot;,&quot;classic_row_gap&quot;:{&quot;unit&quot;:&quot;px&quot;,&quot;size&quot;:35,&quot;sizes&quot;:[]},&quot;classic_row_gap_tablet&quot;:{&quot;unit&quot;:&quot;px&quot;,&quot;size&quot;:&quot;&quot;,&quot;sizes&quot;:[]},&quot;classic_row_gap_mobile&quot;:{&quot;unit&quot;:&quot;px&quot;,&quot;size&quot;:&quot;&quot;,&quot;sizes&quot;:[]}}\" data-widget_type=\"posts.classic\">\n\t\t\t\t<div class=\"elementor-widget-container\">\n\t\t\t<link rel=\"stylesheet\" href=\"https:\/\/gitedeliresse.be\/wp-content\/plugins\/elementor-pro\/assets\/css\/widget-posts.min.css\">\t\t<div class=\"elementor-posts-container elementor-posts elementor-posts--skin-classic elementor-grid\">\n\t\t\t\t<article class=\"elementor-post elementor-grid-item post-695 post type-post status-publish format-standard has-post-thumbnail hentry category-activites-ardennes\">\n\t\t\t\t<a class=\"elementor-post__thumbnail__link\" href=\"https:\/\/gitedeliresse.be\/nl\/activites-ardennes\/la-roche-en-ardenne-activites\/\" tabindex=\"-1\" >\n\t\t\t<div class=\"elementor-post__thumbnail\"><img fetchpriority=\"high\" decoding=\"async\" width=\"1920\" height=\"1280\" src=\"https:\/\/gitedeliresse.be\/wp-content\/uploads\/2024\/04\/Kayak-La-Roche-en-Ardenne.jpg\" class=\"attachment-full size-full wp-image-789\" alt=\"Kayak La Roche-en-Ardenne\" srcset=\"https:\/\/gitedeliresse.be\/wp-content\/uploads\/2024\/04\/Kayak-La-Roche-en-Ardenne.jpg 1920w, https:\/\/gitedeliresse.be\/wp-content\/uploads\/2024\/04\/Kayak-La-Roche-en-Ardenne-300x200.jpg 300w, https:\/\/gitedeliresse.be\/wp-content\/uploads\/2024\/04\/Kayak-La-Roche-en-Ardenne-1024x683.jpg 1024w, https:\/\/gitedeliresse.be\/wp-content\/uploads\/2024\/04\/Kayak-La-Roche-en-Ardenne-768x512.jpg 768w, https:\/\/gitedeliresse.be\/wp-content\/uploads\/2024\/04\/Kayak-La-Roche-en-Ardenne-1536x1024.jpg 1536w, https:\/\/gitedeliresse.be\/wp-content\/uploads\/2024\/04\/Kayak-La-Roche-en-Ardenne-18x12.jpg 18w\" sizes=\"(max-width: 1920px) 100vw, 1920px\" \/><\/div>\n\t\t<\/a>\n\t\t\t\t<div class=\"elementor-post__text\">\n\t\t\t\t<h3 class=\"elementor-post__title\">\n\t\t\t<a href=\"https:\/\/gitedeliresse.be\/nl\/activites-ardennes\/la-roche-en-ardenne-activites\/\" >\n\t\t\t\tLes incontournables de La Roche-en-Ardenne : activit\u00e9s et attractions \u00e0 ne pas manquer\t\t\t<\/a>\n\t\t<\/h3>\n\t\t\n\t\t<a class=\"elementor-post__read-more\" href=\"https:\/\/gitedeliresse.be\/nl\/activites-ardennes\/la-roche-en-ardenne-activites\/\" aria-label=\"Lees meer over Les incontournables de La Roche-en-Ardenne : activit\u00e9s et attractions \u00e0 ne pas manquer\" tabindex=\"-1\" >\n\t\t\tLire l'article \u00bb\t\t<\/a>\n\n\t\t\t\t<\/div>\n\t\t\t\t<\/article>\n\t\t\t\t<article class=\"elementor-post elementor-grid-item post-714 post type-post status-publish format-standard has-post-thumbnail hentry category-activites-ardennes category-famille\">\n\t\t\t\t<a class=\"elementor-post__thumbnail__link\" href=\"https:\/\/gitedeliresse.be\/nl\/activites-ardennes\/grottes-de-remouchamps\/\" tabindex=\"-1\" >\n\t\t\t<div class=\"elementor-post__thumbnail\"><img decoding=\"async\" width=\"1920\" height=\"1280\" src=\"https:\/\/gitedeliresse.be\/wp-content\/uploads\/2024\/04\/Patrimoine-grottes-de-remouchamps.jpg\" class=\"attachment-full size-full wp-image-820\" alt=\"Grottes de Remouchamps et ses stalagmites\" srcset=\"https:\/\/gitedeliresse.be\/wp-content\/uploads\/2024\/04\/Patrimoine-grottes-de-remouchamps.jpg 1920w, https:\/\/gitedeliresse.be\/wp-content\/uploads\/2024\/04\/Patrimoine-grottes-de-remouchamps-300x200.jpg 300w, https:\/\/gitedeliresse.be\/wp-content\/uploads\/2024\/04\/Patrimoine-grottes-de-remouchamps-1024x683.jpg 1024w, https:\/\/gitedeliresse.be\/wp-content\/uploads\/2024\/04\/Patrimoine-grottes-de-remouchamps-768x512.jpg 768w, https:\/\/gitedeliresse.be\/wp-content\/uploads\/2024\/04\/Patrimoine-grottes-de-remouchamps-1536x1024.jpg 1536w, https:\/\/gitedeliresse.be\/wp-content\/uploads\/2024\/04\/Patrimoine-grottes-de-remouchamps-18x12.jpg 18w\" sizes=\"(max-width: 1920px) 100vw, 1920px\" \/><\/div>\n\t\t<\/a>\n\t\t\t\t<div class=\"elementor-post__text\">\n\t\t\t\t<h3 class=\"elementor-post__title\">\n\t\t\t<a href=\"https:\/\/gitedeliresse.be\/nl\/activites-ardennes\/grottes-de-remouchamps\/\" >\n\t\t\t\tExploration des Grottes de Remouchamps : un voyage souterrain envo\u00fbtant\t\t\t<\/a>\n\t\t<\/h3>\n\t\t\n\t\t<a class=\"elementor-post__read-more\" href=\"https:\/\/gitedeliresse.be\/nl\/activites-ardennes\/grottes-de-remouchamps\/\" aria-label=\"Lees meer over Exploration des Grottes de Remouchamps : un voyage souterrain envo\u00fbtant\" tabindex=\"-1\" >\n\t\t\tLire l'article \u00bb\t\t<\/a>\n\n\t\t\t\t<\/div>\n\t\t\t\t<\/article>\n\t\t\t\t<article class=\"elementor-post elementor-grid-item post-697 post type-post status-publish format-standard has-post-thumbnail hentry category-cuisine-locale category-culture-et-patrimoine\">\n\t\t\t\t<a class=\"elementor-post__thumbnail__link\" href=\"https:\/\/gitedeliresse.be\/nl\/cuisine-locale\/les-specialites-des-ardennes\/\" tabindex=\"-1\" >\n\t\t\t<div class=\"elementor-post__thumbnail\"><img decoding=\"async\" width=\"1920\" height=\"1280\" src=\"https:\/\/gitedeliresse.be\/wp-content\/uploads\/2024\/04\/Ardennes-belges.jpg\" class=\"attachment-full size-full wp-image-744\" alt=\"Les Ardennes belges\" srcset=\"https:\/\/gitedeliresse.be\/wp-content\/uploads\/2024\/04\/Ardennes-belges.jpg 1920w, https:\/\/gitedeliresse.be\/wp-content\/uploads\/2024\/04\/Ardennes-belges-300x200.jpg 300w, https:\/\/gitedeliresse.be\/wp-content\/uploads\/2024\/04\/Ardennes-belges-1024x683.jpg 1024w, https:\/\/gitedeliresse.be\/wp-content\/uploads\/2024\/04\/Ardennes-belges-768x512.jpg 768w, https:\/\/gitedeliresse.be\/wp-content\/uploads\/2024\/04\/Ardennes-belges-1536x1024.jpg 1536w, https:\/\/gitedeliresse.be\/wp-content\/uploads\/2024\/04\/Ardennes-belges-18x12.jpg 18w\" sizes=\"(max-width: 1920px) 100vw, 1920px\" \/><\/div>\n\t\t<\/a>\n\t\t\t\t<div class=\"elementor-post__text\">\n\t\t\t\t<h3 class=\"elementor-post__title\">\n\t\t\t<a href=\"https:\/\/gitedeliresse.be\/nl\/cuisine-locale\/les-specialites-des-ardennes\/\" >\n\t\t\t\tD\u00e9couvrir les sp\u00e9cialit\u00e9s des Ardennes\t\t\t<\/a>\n\t\t<\/h3>\n\t\t\n\t\t<a class=\"elementor-post__read-more\" href=\"https:\/\/gitedeliresse.be\/nl\/cuisine-locale\/les-specialites-des-ardennes\/\" aria-label=\"Lees meer over D\u00e9couvrir les sp\u00e9cialit\u00e9s des Ardennes\" tabindex=\"-1\" >\n\t\t\tLire l'article \u00bb\t\t<\/a>\n\n\t\t\t\t<\/div>\n\t\t\t\t<\/article>\n\t\t\t\t<article class=\"elementor-post elementor-grid-item post-687 post type-post status-publish format-standard has-post-thumbnail hentry category-activites-ardennes category-ardennes-belges\">\n\t\t\t\t<a class=\"elementor-post__thumbnail__link\" href=\"https:\/\/gitedeliresse.be\/nl\/activites-ardennes\/tresors-caches-ardennes-belges\/\" tabindex=\"-1\" >\n\t\t\t<div class=\"elementor-post__thumbnail\"><img loading=\"lazy\" decoding=\"async\" width=\"1920\" height=\"1280\" src=\"https:\/\/gitedeliresse.be\/wp-content\/uploads\/2024\/04\/gites-et-campings-des-Ardennes.jpg\" class=\"attachment-full size-full wp-image-733\" alt=\"G\u00eetes et campings des Ardennes belges\" srcset=\"https:\/\/gitedeliresse.be\/wp-content\/uploads\/2024\/04\/gites-et-campings-des-Ardennes.jpg 1920w, https:\/\/gitedeliresse.be\/wp-content\/uploads\/2024\/04\/gites-et-campings-des-Ardennes-300x200.jpg 300w, https:\/\/gitedeliresse.be\/wp-content\/uploads\/2024\/04\/gites-et-campings-des-Ardennes-1024x683.jpg 1024w, https:\/\/gitedeliresse.be\/wp-content\/uploads\/2024\/04\/gites-et-campings-des-Ardennes-768x512.jpg 768w, https:\/\/gitedeliresse.be\/wp-content\/uploads\/2024\/04\/gites-et-campings-des-Ardennes-1536x1024.jpg 1536w, https:\/\/gitedeliresse.be\/wp-content\/uploads\/2024\/04\/gites-et-campings-des-Ardennes-18x12.jpg 18w\" sizes=\"(max-width: 1920px) 100vw, 1920px\" \/><\/div>\n\t\t<\/a>\n\t\t\t\t<div class=\"elementor-post__text\">\n\t\t\t\t<h3 class=\"elementor-post__title\">\n\t\t\t<a href=\"https:\/\/gitedeliresse.be\/nl\/activites-ardennes\/tresors-caches-ardennes-belges\/\" >\n\t\t\t\tTr\u00e9sors cach\u00e9s des Ardennes belges : un guide complet pour un s\u00e9jour inoubliable\t\t\t<\/a>\n\t\t<\/h3>\n\t\t\n\t\t<a class=\"elementor-post__read-more\" href=\"https:\/\/gitedeliresse.be\/nl\/activites-ardennes\/tresors-caches-ardennes-belges\/\" aria-label=\"Lees meer over Tr\u00e9sors cach\u00e9s des Ardennes belges : un guide complet pour un s\u00e9jour inoubliable\" tabindex=\"-1\" >\n\t\t\tLire l'article \u00bb\t\t<\/a>\n\n\t\t\t\t<\/div>\n\t\t\t\t<\/article>\n\t\t\t\t<article class=\"elementor-post elementor-grid-item post-690 post type-post status-publish format-standard has-post-thumbnail hentry category-conseils-de-voyage\">\n\t\t\t\t<a class=\"elementor-post__thumbnail__link\" href=\"https:\/\/gitedeliresse.be\/nl\/conseils-de-voyage\/vacances-en-groupe\/\" tabindex=\"-1\" >\n\t\t\t<div class=\"elementor-post__thumbnail\"><img loading=\"lazy\" decoding=\"async\" width=\"1920\" height=\"1280\" src=\"https:\/\/gitedeliresse.be\/wp-content\/uploads\/2024\/04\/Profiter-de-ses-vacances-en-groupe-au-gite-de-Liresse-2.jpg\" class=\"attachment-full size-full wp-image-800\" alt=\"\" srcset=\"https:\/\/gitedeliresse.be\/wp-content\/uploads\/2024\/04\/Profiter-de-ses-vacances-en-groupe-au-gite-de-Liresse-2.jpg 1920w, https:\/\/gitedeliresse.be\/wp-content\/uploads\/2024\/04\/Profiter-de-ses-vacances-en-groupe-au-gite-de-Liresse-2-300x200.jpg 300w, https:\/\/gitedeliresse.be\/wp-content\/uploads\/2024\/04\/Profiter-de-ses-vacances-en-groupe-au-gite-de-Liresse-2-1024x683.jpg 1024w, https:\/\/gitedeliresse.be\/wp-content\/uploads\/2024\/04\/Profiter-de-ses-vacances-en-groupe-au-gite-de-Liresse-2-768x512.jpg 768w, https:\/\/gitedeliresse.be\/wp-content\/uploads\/2024\/04\/Profiter-de-ses-vacances-en-groupe-au-gite-de-Liresse-2-1536x1024.jpg 1536w, https:\/\/gitedeliresse.be\/wp-content\/uploads\/2024\/04\/Profiter-de-ses-vacances-en-groupe-au-gite-de-Liresse-2-18x12.jpg 18w\" sizes=\"(max-width: 1920px) 100vw, 1920px\" \/><\/div>\n\t\t<\/a>\n\t\t\t\t<div class=\"elementor-post__text\">\n\t\t\t\t<h3 class=\"elementor-post__title\">\n\t\t\t<a href=\"https:\/\/gitedeliresse.be\/nl\/conseils-de-voyage\/vacances-en-groupe\/\" >\n\t\t\t\tGroepsreizen: complete gids voor een onvergetelijke ervaring in de G\u00eete de Liresse\t\t\t<\/a>\n\t\t<\/h3>\n\t\t\n\t\t<a class=\"elementor-post__read-more\" href=\"https:\/\/gitedeliresse.be\/nl\/conseils-de-voyage\/vacances-en-groupe\/\" aria-label=\"Lees meer over Vacances en groupe : guide complet pour une exp\u00e9rience m\u00e9morable au G\u00eete de Liresse\" tabindex=\"-1\" >\n\t\t\tLire l'article \u00bb\t\t<\/a>\n\n\t\t\t\t<\/div>\n\t\t\t\t<\/article>\n\t\t\t\t<\/div>\n\t\t\n\t\t\t\t<\/div>\n\t\t\t\t<\/div>\n\t\t\t\t\t<\/div>\n\t\t\t\t<\/div>\n\t\t\t\t<\/div>","protected":false},"excerpt":{"rendered":"<p>Nos publications<\/p>","protected":false},"author":1,"featured_media":0,"parent":0,"menu_order":0,"comment_status":"closed","ping_status":"closed","template":"elementor_header_footer","meta":{"footnotes":""},"class_list":["post-1098","page","type-page","status-publish","hentry"],"_links":{"self":[{"href":"https:\/\/gitedeliresse.be\/nl\/wp-json\/wp\/v2\/pages\/1098","targetHints":{"allow":["GET"]}}],"collection":[{"href":"https:\/\/gitedeliresse.be\/nl\/wp-json\/wp\/v2\/pages"}],"about":[{"href":"https:\/\/gitedeliresse.be\/nl\/wp-json\/wp\/v2\/types\/page"}],"author":[{"embeddable":true,"href":"https:\/\/gitedeliresse.be\/nl\/wp-json\/wp\/v2\/users\/1"}],"replies":[{"embeddable":true,"href":"https:\/\/gitedeliresse.be\/nl\/wp-json\/wp\/v2\/comments?post=1098"}],"version-history":[{"count":35,"href":"https:\/\/gitedeliresse.be\/nl\/wp-json\/wp\/v2\/pages\/1098\/revisions"}],"predecessor-version":[{"id":1141,"href":"https:\/\/gitedeliresse.be\/nl\/wp-json\/wp\/v2\/pages\/1098\/revisions\/1141"}],"wp:attachment":[{"href":"https:\/\/gitedeliresse.be\/nl\/wp-json\/wp\/v2\/media?parent=1098"}],"curies":[{"name":"wp","href":"https:\/\/api.w.org\/{rel}","templated":true}]}}