{"id":613,"date":"2024-03-08T10:08:09","date_gmt":"2024-03-08T09:08:09","guid":{"rendered":"https:\/\/gitedeliresse.be\/?page_id=613"},"modified":"2024-03-15T10:19:09","modified_gmt":"2024-03-15T09:19:09","slug":"reglement-interieur","status":"publish","type":"page","link":"https:\/\/gitedeliresse.be\/nl\/reglement-interieur\/","title":{"rendered":"Reglement"},"content":{"rendered":"<p class=\"p4\"><b>Reglement<\/b><b> <\/b><span class=\"s3\"><b>bestel<\/b><\/span><b> <\/b><span class=\"s5\"><b>interieur<\/b><\/span><\/p>\n<p class=\"p5\"><span class=\"s6\">Voor<\/span> <span class=\"s8\">a<\/span> blijf <span class=\"s6\">100%<\/span> er gelden een paar regels.<\/p>\n<p class=\"p6\">Lees ze zorgvuldig om <span class=\"s17\">profiteren<\/span> <span class=\"s17\">van<\/span> je <span class=\"s21\">Home<\/span> <span class=\"s23\">van<\/span> vakantie <span class=\"s17\">zonder<\/span> stress.<\/p>\n<p class=\"p8\"><span class=\"Apple-converted-space\">\u00a0\u00a0<\/span><\/p>\n<p class=\"p11\"><span class=\"s26\">De<\/span> regels <span class=\"s29\">van<\/span> <span class=\"s31\">basis :<\/span><\/p>\n<ul class=\"ul1\">\n<li class=\"li12\">Behandel je vakantiehuis als een <span class=\"s34\">als<\/span> het was <span class=\"s6\">je<\/span> eigen huis.<\/li>\n<li class=\"li12\">Bezoek <span class=\"s21\">account <\/span>instructies <span class=\"s41\">en<\/span> opmerkingen <span class=\"s6\">uitgezonden<\/span> l<span class=\"s8\">of<\/span> <span class=\"s34\">van<\/span> ontvangst betreffende het gebruik van <span class=\"s48\">van<\/span> apparatuur, <span class=\"s51\">van<\/span> <span class=\"s53\">meubels...<\/span><\/li>\n<li class=\"li12\">Respecteer uw buren <span class=\"s6\">op<\/span> vermijden <span class=\"s8\">van<\/span> <span class=\"s8\">geluid<\/span> <span class=\"s29\">\u00e0<\/span> buiten <span class=\"s53\">van<\/span> op een ongelegen manier.<\/li>\n<li class=\"li12\"><span class=\"s8\">Sorteer<\/span> uw afval. Zet je afval buiten op <span class=\"s63\">goed<\/span> dag. <span class=\"s34\">Bezoek<\/span> <span class=\"s34\">geval<\/span> <span class=\"s21\">van<\/span> twijfel, <span class=\"s6\">vragen<\/span> <span class=\"s8\">advies.<\/span><\/li>\n<\/ul>\n<p class=\"p17\"><span class=\"s23\">De staat<\/span> <span class=\"s51\">van<\/span> <span class=\"s48\">locaties<\/span>\u00a0bij de start <span class=\"s31\">en<\/span> bij aankomst<\/p>\n<p class=\"p18\"><span class=\"s37\">De stand van zaken <\/span><span class=\"s72\">is <\/span>een essenti\u00eble stap voor <span class=\"s41\">a <\/span>blijf <span class=\"s73\">succesvol<\/span> <span class=\"s53\">en<\/span> zonder <span class=\"s6\">slecht<\/span> verrassing. <span class=\"s76\">Niet doen<\/span> <span class=\"s41\">de<\/span> niet verwaarlozen.<\/p>\n<p class=\"p18\"><span class=\"s53\">Bezoek <\/span>de staat <span class=\"s31\">van <\/span><span class=\"s6\">plaatsen, <\/span><span class=\"s53\">en <\/span><span class=\"s23\">de <\/span><span class=\"s8\">verklaring <\/span>van meters (als <span class=\"s53\">jij <\/span><span class=\"s8\">doen<\/span> <span class=\"s37\">betalen <\/span><span class=\"s79\">niet <\/span><span class=\"s80\">a <\/span><span class=\"s37\">pakket <\/span><span class=\"s81\">van <\/span><span class=\"s37\">heffingen), <\/span><span class=\"s71\">met de<\/span><span class=\"s82\">\u00a0<\/span><span class=\"s83\">eigenaar <\/span><span class=\"s8\">of <\/span><span class=\"s6\">de <\/span>manager <span class=\"s45\">\u00e0<\/span> <span class=\"s37\">aankomst<\/span> <span class=\"s37\">in<\/span> <span class=\"s37\">je<\/span> <span class=\"s37\">Home<\/span> <span class=\"s86\">van <\/span><span class=\"s87\">vakantie<\/span> <span class=\"s31\">en<\/span> ook <span class=\"s63\">\u00e0<\/span> <span class=\"s31\">de<\/span> uitstappen.<\/p>\n<p class=\"p19\">Onderteken deze documenten in tweevoud. Deze <span class=\"s53\">jij <\/span>vermijden <span class=\"s73\">alle <\/span>misverstand <span class=\"s31\">na<\/span> <span class=\"s63\">de<\/span> dat je zou bederven <span class=\"s48\">herinneringen.<\/span><\/p>\n<p>&nbsp;<\/p>\n<p class=\"p22\"><span class=\"s94\"><b>U<\/b><\/span><b> <\/b><span class=\"s96\"><b>zijn<\/b><\/span><b> <\/b><b>verantwoordelijk :<\/b><\/p>\n<p class=\"p23\"><span class=\"s98\">U <\/span><span class=\"s6\">zijn <\/span>manager <span class=\"s94\">van <\/span><span class=\"s73\">gedrag <\/span><span class=\"s99\">van <\/span><span class=\"s41\">alle <\/span><span class=\"s100\">je <\/span><span class=\"s101\">gasten<\/span> <span class=\"s103\">en <\/span><span class=\"s41\">elke <\/span><span class=\"s26\">dieren <\/span><span class=\"s101\">van <\/span><span class=\"s76\">bedrijf. <\/span>Bewustzijn vergroten <span class=\"s104\">op <\/span><span class=\"s29\">respect<\/span> <span class=\"s106\">van<\/span> <span class=\"s108\">de<\/span> <span class=\"s101\">Home<\/span> <span class=\"s94\">van <\/span><span class=\"s41\">vakantie<\/span> <span class=\"s41\">en<\/span> <span class=\"s8\">van<\/span> <span class=\"s100\">instructies<\/span> <span class=\"s115\">van<\/span> <span class=\"s8\">beveiliging.<\/span><\/p>\n<p class=\"p25\"><span class=\"s117\">Bezoek<\/span> <span class=\"s119\">geval<\/span> <span class=\"s121\">van<\/span> schade <span class=\"s100\">veroorzaakt <\/span><span class=\"s123\">door<\/span> <span class=\"s34\">jij<\/span> <span class=\"s126\">of<\/span> <span class=\"s128\">door<\/span> <span class=\"s3\">a<\/span> <span class=\"s131\">van<\/span> <span class=\"s51\">je<\/span> <span class=\"s63\">gastheren,<\/span> <span class=\"s73\">jij<\/span> <span class=\"s6\">zijn<\/span> burgerlijk <span class=\"s41\">verantwoordelijk.<\/span> <span class=\"s63\">La<\/span> <span class=\"s63\">korting<\/span> <span class=\"s139\">op <\/span><span class=\"s103\">status<\/span> <span class=\"s41\">zullen<\/span> <span class=\"s3\">\u00e0<\/span> <span class=\"s29\">je<\/span> <span class=\"s76\">vers.<\/span><\/p>\n<p class=\"p26\"><span class=\"s96\">Voor <\/span><span class=\"s41\">van <\/span><span class=\"s23\">redenen <\/span><span class=\"s96\">van <\/span>beveiliging <span class=\"s48\">vuur. Bezoek <\/span><span class=\"s23\">nummer <\/span><span class=\"s72\">van <\/span>vakantiegangers <span class=\"s144\">doen <\/span><span class=\"s99\">kan <\/span><span class=\"s94\">op <\/span><span class=\"s76\">geen <\/span><span class=\"s41\">geval <\/span><span class=\"s17\">hoger zijn dan <\/span><span class=\"s145\">de <\/span>capaciteit <span class=\"s101\">maximaal <\/span><span class=\"s146\">van <\/span><span class=\"s48\">accommodatie<\/span><span class=\"s51\">. <\/span><span class=\"s31\">Bezoek <\/span><span class=\"s145\">geval <\/span><span class=\"s148\">van <\/span><span class=\"s3\">niet-naleving<\/span><span class=\"s23\">, <\/span><span class=\"s76\">de eigenaar <\/span><span class=\"s26\">kan <\/span>ook <span class=\"s6\">zet<\/span> <span class=\"s128\">a<\/span> <span class=\"s51\">term<\/span> <span class=\"s101\">\u00e0<\/span> <span class=\"s96\">je<\/span> <span class=\"s31\">blijf<\/span> <span class=\"s41\">zonder<\/span> voorafgaande kennisgeving <span class=\"s103\">of <\/span><span class=\"s53\">vergoeding.<\/span><\/p>\n<p class=\"p28\"><span class=\"s152\"><b>Bezoek<\/b><\/span><b> <\/b><span class=\"s26\"><b>geval<\/b><\/span><b> <\/b><b>ongeval<\/b><b> :<\/b><\/p>\n<p class=\"p29\"><span class=\"s37\">Neem contact op met <\/span><span class=\"s159\">de <\/span><span class=\"s160\">meer <\/span><span class=\"s161\">snel <\/span><span class=\"s162\">mogelijk <\/span><span class=\"s163\">de <\/span><span class=\"s80\">eigenaar <\/span><span class=\"s163\">of <\/span><span class=\"s164\">de <\/span><span class=\"s165\">manager<\/span><span class=\"s167\">\u00a0<\/span><span class=\"s168\">voor <\/span><span class=\"s37\">opstellen <\/span><span class=\"s168\">de <\/span><span class=\"s83\">verslag <\/span><span class=\"s169\">of <\/span><span class=\"s167\">definieer <\/span><span class=\"s170\">stel  in <\/span><span class=\"s171\">de <\/span><span class=\"s86\">stappen<\/span> <span class=\"s173\">\u00e0<\/span> <span class=\"s76\">Ondernemen.<\/span><\/p>\n<p class=\"p30\"><span class=\"s26\">La <\/span>verantwoordelijkheid <span class=\"s73\">van <\/span>eigenaar <span class=\"s63\">of <\/span><span class=\"s76\">Ardennen-\u00e9tape <\/span><span class=\"s5\">doen <\/span><span class=\"s175\">voor<\/span><span class=\"s145\">ra <\/span><span class=\"s101\">zijn <\/span>toegezegd <span class=\"s115\">op <\/span><span class=\"s94\">geval <\/span><span class=\"s6\">oneigenlijk gebruik<\/span><span class=\"s99\">\u00a0<\/span><span class=\"s177\">van <\/span><span class=\"s5\">de <\/span><span class=\"s103\">Home<\/span> <span class=\"s71\">van <\/span><span class=\"s37\">vakantie<\/span> <span class=\"s179\">of<\/span> <span class=\"s181\">van<\/span> <span class=\"s49\">de apparatuur<\/span> <span class=\"s173\">die<\/span> <span class=\"s48\">is<\/span> <span class=\"s23\">stel  in<\/span> <span class=\"s94\">\u00e0<\/span> <span class=\"s5\">dispositie.<\/span><\/p>\n<p class=\"p32\">Een probleem in <span class=\"s41\">je <\/span>Home <span class=\"s8\">van <\/span>vakantie <span class=\"s53\">tijdens <\/span><span class=\"s8\">je <\/span><span class=\"s21\">blijf<\/span> <span class=\"s186\">en <\/span><span class=\"s31\">jij <\/span>kan geen oplossing vinden met <span class=\"s51\">de <\/span><span class=\"s6\">eigenaar <\/span><span class=\"s73\">of <\/span><span class=\"s31\">geluid<\/span> manager? Neem contact op met <span class=\"s186\">onze<\/span> klantenservice.<\/p>\n<p class=\"p34\"><span class=\"s94\"><b>La<\/b><\/span><b> <\/b><b>beddengoed :<\/b><\/p>\n<p class=\"p35\"><span class=\"s45\">Als de <\/span><span class=\"s189\">linnen <\/span><span class=\"s37\">bed is <\/span><span class=\"s83\">niet <\/span><span class=\"s37\">te huur in de <\/span><span class=\"s23\">huis, <\/span><span class=\"s31\">jij <\/span>zijn <span class=\"s48\">gehouden<\/span> gebruik je eigen lakens en kussenslopen, <span class=\"s48\">covers...<\/span><\/p>\n<p class=\"p37\">Voor <span class=\"s53\">van <\/span>hygi\u00ebnische redenen <span class=\"s31\">vanzelfsprekend, <\/span>het is <span class=\"s6\">verboden <\/span><span class=\"s73\">van <\/span><span class=\"s41\">slaap<\/span> in <span class=\"s193\">de <\/span>bedden <span class=\"s8\">van <\/span>je vakantiehuis zonder de <span class=\"s31\">hebben <\/span>beschermd<span class=\"s41\">.<\/span><\/p>\n<p class=\"p38\">In de <span class=\"s48\">geval<\/span> Als dit niet het geval is, worden er kosten in rekening gebracht voor het schoonmaken of zelfs vervangen van het beddengoed.<\/p>\n<p class=\"p40\">Sla <span class=\"s31\">energie :<\/span><\/p>\n<p class=\"p41\"><span class=\"s8\">Bezoek <\/span><span class=\"s53\">proactief<\/span> in gebruik <span class=\"s6\">van <\/span><span class=\"s8\">verwarming.<\/span> Gebruik <span class=\"s8\">de <\/span>thermostaat om de temperatuur te regelen.<\/p>\n<p class=\"p42\"><span class=\"s198\">Vermijd<\/span> <span class=\"s200\">d*open<\/span> <span class=\"s200\">de<\/span> <span class=\"s200\">windows<\/span> <span class=\"s200\">wanneer<\/span> <span class=\"s202\">de<\/span> <span class=\"s200\">verwarming<\/span> <span class=\"s200\">werkt.<\/span> Doe het licht uit als je een kamer verlaat. Bezoek <span class=\"s72\">\u00e0 <\/span>Regel je waterverbruik.<\/p>\n<p class=\"p44\">Kortom, al deze <span class=\"s72\">kleine<\/span> gebaren <span class=\"s53\">van <\/span>dagelijks <span class=\"s41\">dat <\/span><span class=\"s8\">jij <\/span><span class=\"s73\">weet<\/span> <span class=\"s41\">en<\/span> <span class=\"s6\">die<\/span> gelden ook <span class=\"s8\">op <\/span><span class=\"s53\">vakantie.<\/span><\/p>\n<p class=\"p52\"><span class=\"s222\"><b>La<\/b><\/span><b> <\/b><b>beveiliging<\/b><b> <\/b><span class=\"s26\"><b>van<\/b><\/span><b> <\/b><span class=\"s100\"><b>kinderen :<\/b><\/span><\/p>\n<p class=\"p53\"><span class=\"s225\">Niet doen <\/span>verlaten <span class=\"s226\">\u00e0 <\/span><span class=\"s94\">geen <\/span>moment <span class=\"s121\">je <\/span><span class=\"s72\">kinderen <\/span><span class=\"s41\">onbeheerd. <\/span><span class=\"s227\">Voor<\/span> l<span class=\"s121\">eur <\/span><span class=\"s31\">beveiliging, <\/span><span class=\"s23\">bezoek <\/span><span class=\"s173\">de <\/span><span class=\"s101\">toren <\/span><span class=\"s229\">van <\/span><span class=\"s230\">de <\/span>huis met <span class=\"s231\">ze <\/span>en <span class=\"s94\">herinner hen eraan<\/span>\u00a0<span class=\"s233\">de<\/span><span class=\"s103\">s<\/span> <span class=\"s86\">regel<\/span><span class=\"s145\">s<\/span> <span class=\"s235\">van<\/span>\u00a0<span class=\"s235\">bodem<\/span><span class=\"s237\">e :<\/span><\/p>\n<ul class=\"ul1\">\n<li class=\"li55\">doen <span class=\"s48\">niet<\/span> binnenlopen <span class=\"s73\">de<\/span> <span class=\"s53\">trappen,<\/span><\/li>\n<li class=\"li55\"><span class=\"s37\">doen<\/span> <span class=\"s162\">niet <\/span><span class=\"s37\">spelen<\/span> <span class=\"s242\">met<\/span> <span class=\"s34\">de<\/span> <span class=\"s63\">deuren,<\/span><\/li>\n<li class=\"li55\">ga vooral niet naar buiten <span class=\"s63\">van<\/span> tuin zelf <span class=\"s73\">voor<\/span> een bal uit de <span class=\"s73\">straat...<\/span><\/li>\n<\/ul>\n<p class=\"p61\"><strong><span class=\"s100\">Auto's,<\/span> <span class=\"s23\">tenten,<\/span> stacaravan <span class=\"s94\">enz<\/span><\/strong><\/p>\n<p class=\"p62\"><span class=\"s193\">Niet doen <\/span><span class=\"s31\">parkeer uw <\/span>auto <span class=\"s51\">dan <\/span><span class=\"s100\">locaties <\/span><span class=\"s173\">gepland <\/span><span class=\"s250\">\u00e0 <\/span><span class=\"s76\">deze <\/span><span class=\"s34\">effect. <\/span><span class=\"s51\">U<\/span> <span class=\"s175\">doen <\/span><span class=\"s48\">kan <\/span><span class=\"s29\">instellen <\/span><span class=\"s251\">van <\/span><span class=\"s41\">tent, <\/span><span class=\"s63\">stacaravan, <\/span><span class=\"s53\">caravan... <\/span><span class=\"s34\">of <\/span><span class=\"s193\">elke<\/span> <span class=\"s41\">andere <\/span><span class=\"s34\">vorm <\/span><span class=\"s48\">van <\/span>accommodatie <span class=\"s101\">tijdelijk <\/span><span class=\"s253\">op <\/span><span class=\"s76\">de <\/span><span class=\"s26\">eigendom <\/span><span class=\"s8\">van <\/span><span class=\"s101\">de <\/span><span class=\"s41\">Home<\/span> <span class=\"s29\">van<\/span> vakantie.<\/p>\n<p class=\"p63\">Dieren :<\/p>\n<p class=\"p64\"><span class=\"s37\">Als<\/span> <span class=\"s45\">je<\/span> <span class=\"s31\">Home <\/span>vakantie <span class=\"s8\">accepteren<\/span> de <span class=\"s53\">dieren,<\/span> bezoek <span class=\"s26\">\u00e0<\/span> respect <span class=\"s53\">de <\/span>gezondheids- en veiligheidsinstructies <span class=\"s41\">en <\/span>toegangsrechten <span class=\"s41\">door<\/span> <span class=\"s37\">de<\/span> <span class=\"s37\">eigenaar<\/span> <span class=\"s258\">of<\/span> <span class=\"s260\">|e<\/span> <span class=\"s37\">manager<\/span> <span class=\"s80\">die <\/span><span class=\"s37\">de<\/span> <span class=\"s37\">vertegenwoordigt.<\/span><\/p>\n<p class=\"p65\"><span class=\"s262\">Niet doen <\/span><span class=\"s37\">verder gaan <\/span><span class=\"s76\">niet <\/span><span class=\"s48\">de <\/span><span class=\"s8\">nummer <\/span>huisdieren toegestaan. <span class=\"s177\">Bezoek <\/span><span class=\"s96\">geval <\/span><span class=\"s34\">van <\/span>inhalen<span class=\"s8\">, <\/span>a <span class=\"s53\">term <\/span><span class=\"s41\">kan <\/span><span class=\"s76\">zijn <\/span>stel  in <span class=\"s263\">\u00e0 <\/span><span class=\"s73\">je <\/span><span class=\"s76\">blijf <\/span>zonder <span class=\"s31\">voorafgaande kennisgeving <\/span><span class=\"s73\">of <\/span><span class=\"s41\">de<\/span>schade.<\/p>\n<p class=\"p67\"><span class=\"s31\"><b>Info<\/b><\/span><b> <\/b><b>praktijken<\/b><\/p>\n<p class=\"p68\"><em>Vertrektijden <span class=\"s53\">en<\/span> van aankomst :<\/em><\/p>\n<p class=\"p69\"><span class=\"s145\">Alle <\/span><span class=\"s101\">de <\/span><span class=\"s94\">informatie <\/span><span class=\"s26\">ga naar <\/span><span class=\"s63\">kan worden gevonden in <\/span><span class=\"s266\">je <\/span><span class=\"s76\">ticket <\/span>blijf <span class=\"s31\">behalve <\/span><span class=\"s101\">overeenkomst <\/span><span class=\"s100\">individueel <\/span><span class=\"s29\">gevangen tussen <\/span><span class=\"s173\">jij <\/span>en <span class=\"s29\">de <\/span>eigenaar <span class=\"s51\">van <\/span><span class=\"s227\">de<\/span> <span class=\"s103\">Home<\/span> van <span class=\"s41\">vakantie.<\/span><\/p>\n<p class=\"p71\"><em>Op <span class=\"s76\">van<\/span> vertrek :<\/em><\/p>\n<p class=\"p72\"><span class=\"s41\">U<\/span> <span class=\"s73\">zijn<\/span> <span class=\"s101\">gehouden<\/span> <span class=\"s227\">van<\/span> <span class=\"s100\">terugkeren<\/span> <span class=\"s253\">de<\/span> accommodatie <span class=\"s53\">in<\/span> <span class=\"s96\">a <\/span><span class=\"s23\">perfect<\/span> status <span class=\"s99\">bestel<\/span> <span class=\"s51\">en<\/span> <span class=\"s26\">van<\/span> <span class=\"s8\">netheid.<\/span><\/p>\n<p class=\"p73\"><span class=\"s115\">Zelfs<\/span> <span class=\"s41\">als <\/span><span class=\"s3\">jij <\/span><span class=\"s31\">hebben <\/span><span class=\"s41\">feit <\/span><span class=\"s103\">bel<\/span> <span class=\"s115\">op <\/span><span class=\"s48\">service <\/span><span class=\"s276\">van <\/span>schoonmaken, <span class=\"s26\">niet vergeten<\/span> <span class=\"s119\">niet<\/span> <span class=\"s41\">van :<\/span><\/p>\n<ul class=\"ul1\">\n<li class=\"li74\">maken <span class=\"s94\">de<\/span> <span class=\"s76\">nou<\/span> <span class=\"s121\">weggevaagd,<\/span><\/li>\n<li class=\"li74\"><span class=\"s37\">schoon en<\/span> <span class=\"s37\">ranger<\/span> afwassen,<\/li>\n<li class=\"li74\">huishoudelijke apparaten schoonmaken (inclusief de barbecue),<\/li>\n<li class=\"li74\">terugkeren <span class=\"s41\">de <\/span>meubilair met <span class=\"s53\">zomer <\/span>verhuisd naar hun vorige locatie <span class=\"s283\">\u00e0<\/span> uw aankomst,<\/li>\n<li class=\"li74\">laat het toilet in <span class=\"s96\">a<\/span> <span class=\"s41\">status<\/span> <span class=\"s53\">schoon,<\/span><\/li>\n<li class=\"li74\">afval sorteren <span class=\"s8\">en<\/span> de <span class=\"s53\">zet<\/span> <span class=\"s115\">\u00e0<\/span> waar aangegeven<\/li>\n<li class=\"li74\">bedden opmaken en lakens opvouwen.<\/li>\n<\/ul>\n<p class=\"p81\"><span class=\"s31\">Als <\/span><span class=\"s292\">de <\/span><span class=\"s8\">eigenaar<\/span> <span class=\"s173\">of <\/span>de <span class=\"s100\">manager <\/span><span class=\"s31\">moet<\/span> <span class=\"s53\">huren <\/span>van <span class=\"s173\">kosten <\/span><span class=\"s48\">verwijderd<\/span><span class=\"s51\">ments<\/span> <span class=\"s100\">voor <\/span><span class=\"s5\">terugkeren<\/span> <span class=\"s48\">de <\/span><span class=\"s17\">Home <\/span><span class=\"s121\">op <\/span><span class=\"s51\">staat, <\/span><span class=\"s100\">deze <\/span>wordt aan u gefactureerd <span class=\"s119\">of<\/span> <span class=\"s41\">afgetrokken<\/span> <span class=\"s6\">van<\/span> <span class=\"s295\">de<\/span> <span class=\"s8\">borgtocht.<\/span><\/p>\n<p class=\"p82\"><span class=\"s63\">Na <\/span><span class=\"s96\">je <\/span>verblijf, <span class=\"s99\">wij <\/span><span class=\"s8\">jij <\/span>verzenden <span class=\"s34\">onze <\/span>enqu\u00eate <span class=\"s51\">van <\/span><span class=\"s21\">tevredenheid. <\/span><span class=\"s96\">Met dank aan <\/span>op <span class=\"s100\">talrijke <\/span><span class=\"s121\">antwoorden <\/span><span class=\"s8\">van <\/span><span class=\"s41\">vakantiegangers<\/span><span class=\"s76\">, <\/span><span class=\"s63\">de <\/span><span class=\"s76\">kwaliteit <\/span><span class=\"s297\">van <\/span><span class=\"s76\">de <\/span><span class=\"s72\">selectie <\/span><span class=\"s41\">Ardennen-stop <\/span><span class=\"s51\">blijft <\/span><span class=\"s76\">onvergelijkbaar<\/span><span class=\"s8\">.<\/span> Vooraf, <span class=\"s100\">hartelijk dank<\/span> <span class=\"s29\">voor<\/span> <span class=\"s23\">je<\/span> <span class=\"s41\">deelname.<\/span><\/p>\n<p class=\"p83\"><span class=\"s37\">Vergeet niet<\/span> <span class=\"s37\">niet<\/span> <span class=\"s37\">te vorderen<\/span> <span class=\"s301\">je<\/span> Ardennen ervaringsgids <span class=\"s17\">op <\/span>eigenaar <span class=\"s41\">of <\/span><span class=\"s72\">op <\/span>manager voor <span class=\"s37\">optimaal profiteren <\/span><span class=\"s21\">van uw <\/span>Tussenstop in de Ardennen.<\/p>\n<p class=\"p86\">Volg de aanvullende instructies hieronder <span class=\"s6\">door<\/span> de eigenaar van je vakantiehuis.<\/p>\n<p class=\"p87\">We hopen dat u geniet van uw verblijf <span class=\"s53\">op<\/span> Ardenne.<\/p>","protected":false},"excerpt":{"rendered":"<p>R\u00e8glement d\u2019ordre int\u00e9rieur Pour un s\u00e9jour 100% r\u00e9ussi, quelques r\u00e8gles s\u2019appliquent. Lisez-les attentivement pour profiter de votre maison de vacances sans stress. \u00a0\u00a0 Les r\u00e8gles de base : Respectez la maison de vacances comme si c\u2019\u00e9tait votre propre habitation. Tenez compte des consignes et remarques transmises lors de l\u2019accueil concernant l\u2019utilisation de l\u2019\u00e9quipement, du mobilier&#8230; [&hellip;]<\/p>","protected":false},"author":1,"featured_media":0,"parent":0,"menu_order":0,"comment_status":"closed","ping_status":"closed","template":"","meta":{"footnotes":""},"class_list":["post-613","page","type-page","status-publish","hentry"],"_links":{"self":[{"href":"https:\/\/gitedeliresse.be\/nl\/wp-json\/wp\/v2\/pages\/613","targetHints":{"allow":["GET"]}}],"collection":[{"href":"https:\/\/gitedeliresse.be\/nl\/wp-json\/wp\/v2\/pages"}],"about":[{"href":"https:\/\/gitedeliresse.be\/nl\/wp-json\/wp\/v2\/types\/page"}],"author":[{"embeddable":true,"href":"https:\/\/gitedeliresse.be\/nl\/wp-json\/wp\/v2\/users\/1"}],"replies":[{"embeddable":true,"href":"https:\/\/gitedeliresse.be\/nl\/wp-json\/wp\/v2\/comments?post=613"}],"version-history":[{"count":4,"href":"https:\/\/gitedeliresse.be\/nl\/wp-json\/wp\/v2\/pages\/613\/revisions"}],"predecessor-version":[{"id":645,"href":"https:\/\/gitedeliresse.be\/nl\/wp-json\/wp\/v2\/pages\/613\/revisions\/645"}],"wp:attachment":[{"href":"https:\/\/gitedeliresse.be\/nl\/wp-json\/wp\/v2\/media?parent=613"}],"curies":[{"name":"wp","href":"https:\/\/api.w.org\/{rel}","templated":true}]}}